{"id":467,"date":"2021-03-16T13:21:11","date_gmt":"2021-03-16T12:21:11","guid":{"rendered":"http:\/\/uc-mobileapps.com\/de\/?page_id=467"},"modified":"2021-03-29T21:20:25","modified_gmt":"2021-03-29T19:20:25","slug":"veroeffentlichungen-changelog","status":"publish","type":"page","link":"http:\/\/uc-mobileapps.com\/de\/android-apps\/blueduino-textkuerzel\/veroeffentlichungen-changelog\/","title":{"rendered":"Releases"},"content":{"rendered":"\n<p>Historie der ver\u00f6ffentlichten Versionen<\/p>\n\n\n\n<p>version  3.7.0, 31.03.2021<\/p>\n\n\n\n<ul><li>Moderne Shortcuts \u00fcber die Eingabehilfe<\/li><li>Unterst\u00fctzung von Android R<\/li><\/ul>\n\n\n\n<p>version 3.4.5, 06.07.2017<\/p>\n\n\n\n<ul><li>\u00d6fters auftretender Fehler behoben<\/li><\/ul>\n\n\n\n<p>version 3.4.4, 26.06.2017<\/p>\n\n\n\n<ul><li>Nicht reagierende Eingabe unter Android 7.0 behoben.<\/li><\/ul>\n\n\n\n<p>version 3.4.3, 18.06.2017<\/p>\n\n\n\n<ul><li>Nicht freigegebene System-Resource f\u00fchrte auf einigen Ger\u00e4ten zu \u201aApplication not Responding\u2018 Fehler.<\/li><\/ul>\n\n\n\n<p>version 3.4.2, 03.06.2017<\/p>\n\n\n\n<ul><li>Absturz im Chrome Browser behoben<\/li><li>Kontaktauswahl im Tastaturmodus funktioniert nun in Android M<\/li><li>Nach der Textanalyse gab es manchmal einen Fehler<\/li><\/ul>\n\n\n\n<p>version 3.4, 18.01.2017<\/p>\n\n\n\n<ul><li>Einfach URLs aus der Browseradresszeile auf Twitter \/ Facebook \/ StumbleUpon \/ Delicious \/ GoogleBookmarks und Reddit teilen<\/li><li>Fehler behoben \u2013 Textvorschl\u00e4ge sind machmal verschwunden<\/li><\/ul>\n\n\n\n<p>version 3.3.2, 20.12.2016<\/p>\n\n\n\n<ul><li>Fehler auf Galaxy Note 5\/7 und Motorola Griffin Ger\u00e4ten behoben<\/li><\/ul>\n\n\n\n<p>version 3.3.1, 11.08.2016<\/p>\n\n\n\n<ul><li>Bei Apps auf einigen Ger\u00e4teklassen gab es Probleme mit dem Federsymbol in der Browserleiste<\/li><li>Fehler behoben der manchmal zu einer Meldung f\u00fchrte und die Tastatur neu startete<\/li><\/ul>\n\n\n\n<p>version 3.3, 24.07.2016<\/p>\n\n\n\n<ul><li>Favoriten k\u00f6nnen nun auch in der Eingabehilfe ausgew\u00e4hlt werden<\/li><li>Verbesserte Wortvorschl\u00e4ge zu Ihrer Eingabe<\/li><li>F\u00fcr W\u00f6rter werden nun auch Silben zur Vervollst\u00e4ndigung vorgeschlagen<\/li><li>\u00dcbereinstimmung von Gro\u00df-\/Kleinschreibung der K\u00fcrzel ist nun konfigurierbar<\/li><li>W\u00f6rterbuch \u00fcberarbeitet<\/li><li>Fehler der Eingabehilfe in Browseradressleisten behoben<\/li><li>Problem behoben das auf manchen Telefonen beim schreiben von SMS auftrat<\/li><li>Das R\u00fcckg\u00e4ngig Symbol wurde manchmal nicht dargestellt<\/li><\/ul>\n\n\n\n<p>version 3.2, 09.04.2016<\/p>\n\n\n\n<ul><li>Textwerkzeuge<\/li><li>\u00d6ffnet den Browser um nach Wort im Internet zu suchen<\/li><li>Wort in Wikipedia nachschlagen<\/li><li>\u00dcbersetzung nachschlagen<\/li><li>M\u00f6glichkeit mehr als 4 Vorschl\u00e4ge in der Auswahlliste zu nutzen<\/li><li>Kleinere Fehler wurden behoben<\/li><\/ul>\n\n\n\n<p>version 3.1.4, 27.02.2016<\/p>\n\n\n\n<ul><li>Fehler bei Galaxy S6 \/ Note 5 Ger\u00e4ten behoben<\/li><\/ul>\n\n\n\n<p>version 3.1.2, 21.01.2016<\/p>\n\n\n\n<ul><li>Unterst\u00fctzung f\u00fcr das Berechtigungssystem von Android M<\/li><\/ul>\n\n\n\n<p>version 3.1, 15.01.2016<\/p>\n\n\n\n<ul><li>Verbessertes Design der Eingabehilfe<\/li><li>Neue Funktion \u201aR\u00fcckg\u00e4ngig\u2018 nachdem ein K\u00fcrzel ersetzt worden ist<\/li><li>Textersetzung wird nun neben der Eingabehilfe dargestellt<\/li><li>Fehler bei der Validierung w\u00e4hrend des Speicherns von K\u00fcrzeln behoben<\/li><\/ul>\n\n\n\n<p>version 3.0, 31.12.2015<\/p>\n\n\n\n<ul><li>Unterst\u00fctzung als Eingabehilfe f\u00fcr Android Lollipop oder neuer<\/li><li>Benutzung aller Blueduino K\u00fcrzel zusammen mit anderen Keyboards\/Eingabemethoden<\/li><li>Icons zeigen an wenn ein Text zur Ersetzung zur Verf\u00fcgung steht<\/li><li>Verbesserung der Benutzererfahrung<\/li><\/ul>\n\n\n\n<p>version 2.9.8, 23.12.2015<\/p>\n\n\n\n<ul><li>Synchronisierung der Texte und Abk\u00fcrzungen ist nun m\u00f6glich<\/li><li>Exportieren\/Sichern and Importieren einer K\u00fcrzel-Auswahl<\/li><li>Einige kleinere Verbesserungen<\/li><\/ul>\n\n\n\n<p>version 2.9.3, 16.10.2015<\/p>\n\n\n\n<ul><li>Symbol-Tasten verbessert, verschiedene Tasten hatten keine Belegung<\/li><li>Tastatur wurde auf einigen Ger\u00e4ten mit integriertem aber abgeschaltetem Hardware-Keyboard nicht dargestellt<\/li><\/ul>\n\n\n\n<p>version 2.9.2, 12.10.2015<\/p>\n\n\n\n<ul><li>Buchstaben wie z.B. \u201aw\u2018 sind auf der Tastatur nicht mehr abgeschnitten<\/li><li>\u201a.com\u2018 Taste im Querformat hat nicht funktioniert<\/li><li>Icons f\u00fcr Kindle Ger\u00e4te hinzugef\u00fcgt<\/li><li>Sauberes IAP im Samsung store<\/li><li>Sprachausgabe wird jetzt bei eingehendem Anruf abgebrochen<\/li><li>Einige kleinere Fixes in abgeschnittenen Dialogen<\/li><\/ul>\n\n\n\n<p>version 2.9.0, 03.10.2015<\/p>\n\n\n\n<ul><li>Interne Aktualisierung f\u00fcr weitere App-M\u00e4rkte<\/li><li>Problem mit zwei nicht korrekt funktionierenden Tasten behoben<\/li><\/ul>\n\n\n\n<p>version 2.8.4, 27.09.2015<\/p>\n\n\n\n<ul><li>Verbesserung der W\u00f6rterbuchgeschwindigkeit<\/li><li>Fehler behoben der nur mit bestimmten Android Ger\u00e4ten auftrat<\/li><\/ul>\n\n\n\n<p>version 2.8, 16.05.2015<\/p>\n\n\n\n<ul><li>Die Tastatur unterst\u00fctzt nun erweiterten Utf-8 Zeichensatz<\/li><li>Sch\u00f6ne Emoticons sind in die Tastatur integriert und k\u00f6nnen \u00fcberall verwendet werden<\/li><li>Hintergrund- und Textfarbe des Keyboard k\u00f6nnen frei gew\u00e4hlt werden<\/li><li>Transparenz der Tasten und des Bluetabs ist einstellbar<\/li><li>Schriftart ist nun konfigurierbar<\/li><\/ul>\n\n\n\n<p>version 2.7, 08.05.2015<\/p>\n\n\n\n<ul><li>Problem behoben wenn die K\u00fcrzel ge\u00f6ffnet wurden und vorher der Datepicker aktiv war<\/li><li>Eingabefehler im numerischen Eingabefeld behoben<\/li><li>Hinweistext bei leerer Zwischenablage<\/li><li>Einige Icons wurde verbessert<\/li><li>Kleinere Verbessurungen und Optimierungen sind eingeflossen<\/li><\/ul>\n\n\n\n<p>version 2.6, 17.04.2015<\/p>\n\n\n\n<ul><li>Option zum sofortigen Ersetzen bei Eingabe eines K\u00fcrzels<\/li><li>Makro zum Einf\u00fcgen des Tagesdatums hinzugef\u00fcgt<\/li><li>Leerzeichen kann nun bei Bedarf weg gelassen werden<\/li><li>Tastaturgeschwindigkeit weiter verbessert<\/li><\/ul>\n\n\n\n<p>version 2.5.1, 24.03.2015<\/p>\n\n\n\n<ul><li>Fehler auf Ger\u00e4ten mit Android 4.0.3\/4.0.4 behoben<\/li><\/ul>\n\n\n\n<p>version 2.5, 20.03.2015<\/p>\n\n\n\n<ul><li>Makros sind jetzt leichter in eigene K\u00fcrzel einzuf\u00fcgen<\/li><li>Setup vereinfacht<\/li><li>Kleinere Fehler behoben<\/li><\/ul>\n\n\n\n<p>version 2.4.3, 03.03.2015<\/p>\n\n\n\n<ul><li>Sprachausgabe von Text unter dem Cursor f\u00fcr Menschen mit Sehschw\u00e4che<\/li><li>Kleiner Fehler im Textflipper behoben<\/li><\/ul>\n\n\n\n<p>version 2.4.1, 20.02.2015<\/p>\n\n\n\n<ul><li>Textflip Option hinzugef\u00fcgt<\/li><li>Problem in Alles ausw\u00e4hlen\/kopieren behoben<\/li><li>viele kleine Verbesserungen hinzugef\u00fcgt<\/li><\/ul>\n\n\n\n<p>version 2.4, 06.02.2015<\/p>\n\n\n\n<ul><li>Multiselect Auswahl und L\u00f6schfunktion hinzugef\u00fcgt<\/li><li>Weitere Keyboard-Einstellungsm\u00f6glichkeiten<\/li><li>Option f\u00fcr Benutzerfeedback eingebaut<\/li><li>Problem behoben das beim Kopieren in die Zwischenablage auftreten konnte<\/li><li>Viele kleinere Verbesserungen<\/li><\/ul>\n\n\n\n<p>version 2.3.3, 24.01.2015<\/p>\n\n\n\n<ul><li>Fehler behoben; Wenn eine Bluetooth-Tastatur angeschlossen war, wurde bei manchen Ger\u00e4ten trotzdem auch das Softkeyboard dargestellt<\/li><\/ul>\n\n\n\n<p>version 2.3.2, 17.11.2014<\/p>\n\n\n\n<ul><li>Problem behoben dass die K\u00fcrzelliste zum falschen Zeitpunkt dargestellt hat wenn ein Bluetooth-Keyboard angeschlossen wurde.<\/li><\/ul>\n\n\n\n<p>version 2.3, 12.11.2014<\/p>\n\n\n\n<ul><li>Datum und Zeit Schnellauswahl hinzugef\u00fcgt<\/li><li>Neue Option um alles auszuw\u00e4hlen und gleich zu kopieren<\/li><li>Viele kleine Verbesserungen wurden gemacht<\/li><\/ul>\n\n\n\n<p>version 2.2.1, 02.10.2014<\/p>\n\n\n\n<ul><li>L\u00f6schen von W\u00f6rterbucheintr\u00e4gen ist jetzt m\u00f6glich<\/li><li>Wortvorschl\u00e4ge verbessert<\/li><li>Problem behoben das bei englischer Vervollst\u00e4ndigung auftreten konnte<\/li><\/ul>\n\n\n\n<p>version 2.2, 24.09.2014<\/p>\n\n\n\n<ul><li>Schnelles Einf\u00fcgen von formatierten Kontaktinfos<\/li><li>K\u00fcrzel-Favoriten<\/li><li>Zwischenablage mit Historie<\/li><li>Option zur Schreibstil-Analyse eigener Kurznachrichten<\/li><li>Wortvorhersage verbessert<\/li><li>viele kleine Verbesserungen<\/li><\/ul>\n\n\n\n<p>version 2.1, 19.07.2014<\/p>\n\n\n\n<ul><li>Automatische Gro\u00dfschreibung in neuem Satz<\/li><li>Wiederholung f\u00fcr Leer- und R\u00fccktaste<\/li><li>Mehr als 20 neue Smileys<\/li><li>Verz\u00f6gerung behoben die bei schnellem Schreiben auftreten konnte<\/li><li>Einige kleinere Verbesserungen<\/li><\/ul>\n\n\n\n<p>version 2.0.10, 29.06.2014<\/p>\n\n\n\n<ul><li>Fehler behoben, R\u00fcckw\u00e4rts navigieren war nicht immer m\u00f6glich<\/li><li>Verbesserungen am Tastenlayout<\/li><li>Auch Standard-Abk\u00fcrzungen k\u00f6nnen nun \u00fcber die Vorschlagliste ausgew\u00e4hlt werden<\/li><\/ul>\n\n\n\n<p>version 2.0.9, 14.06.2014<\/p>\n\n\n\n<ul><li>Verbessertes Einstellungen Men\u00fc<\/li><li>Benutzerhilfe verbessert<\/li><li>Problem behoben das bei einigen Ger\u00e4ten beim Umschalten ins Querformat auftrat<\/li><\/ul>\n\n\n\n<p>Version 2.0, 24.05.2014<\/p>\n\n\n\n<ul><li>Unterst\u00fctzung der Blueduino Funktionalit\u00e4t als Soft-Keyboard<\/li><li>Sounds bei Tastendruck<\/li><li>Haptisches Feedback<\/li><\/ul>\n\n\n\n<p>Version 1.4, 12.04.2014<\/p>\n\n\n\n<ul><li>Italienische, spanische und polnische Tastaturlayouts hinzugef\u00fcgt<\/li><\/ul>\n\n\n\n<p>Version 1.3, 23.02.2014<\/p>\n\n\n\n<ul><li>Statusbar icon hinzugef\u00fcgt um einfach auf die Textschnipsel \u00fcber die Zwischenablage zuzugreife<\/li><li>Textfilter Feld hinzugef\u00fcgt um K\u00fcrzel schnell zu finden<\/li><\/ul>\n\n\n\n<p>Version 1.2, 11.01.2014<\/p>\n\n\n\n<ul><li>Fehler behoben der manchmal beim Hinzuf\u00fcgen eines K\u00fcrzels auftrat<\/li><li>Verbessertes Layout f\u00fcr kleine Ger\u00e4te<\/li><\/ul>\n\n\n\n<p>Version 1.1, 31.12.2013<\/p>\n\n\n\n<ul><li>Problem bei copy&amp;paste behoben<\/li><\/ul>\n\n\n\n<p>Revision 1, 22.12.2013<\/p>\n\n\n\n<ul><li>Erste Ver\u00f6ffentlichung<\/li><\/ul>\n","protected":false},"excerpt":{"rendered":"<p>Historie der ver\u00f6ffentlichten Versionen version 3.7.0, 31.03.2021 Moderne Shortcuts \u00fcber die Eingabehilfe Unterst\u00fctzung von Android R version 3.4.5, 06.07.2017 \u00d6fters auftretender Fehler behoben version 3.4.4, 26.06.2017 Nicht reagierende Eingabe unter Android 7.0 behoben. version 3.4.3, 18.06.2017 Nicht freigegebene System-Resource f\u00fchrte auf einigen Ger\u00e4ten zu \u201aApplication not Responding\u2018 Fehler. version 3.4.2, 03.06.2017 Absturz im Chrome Browser [&hellip;]<\/p>\n","protected":false},"author":2,"featured_media":0,"parent":459,"menu_order":0,"comment_status":"closed","ping_status":"closed","template":"","meta":{"site-sidebar-layout":"default","site-content-layout":"default","ast-site-content-layout":"default","site-content-style":"default","site-sidebar-style":"default","ast-global-header-display":"","ast-banner-title-visibility":"","ast-main-header-display":"","ast-hfb-above-header-display":"","ast-hfb-below-header-display":"","ast-hfb-mobile-header-display":"","site-post-title":"","ast-breadcrumbs-content":"","ast-featured-img":"","footer-sml-layout":"","theme-transparent-header-meta":"default","adv-header-id-meta":"","stick-header-meta":"","header-above-stick-meta":"","header-main-stick-meta":"","header-below-stick-meta":"","astra-migrate-meta-layouts":"default","ast-page-background-enabled":"default","ast-page-background-meta":{"desktop":{"background-color":"","background-image":"","background-repeat":"repeat","background-position":"center center","background-size":"auto","background-attachment":"scroll","background-type":"","background-media":"","overlay-type":"","overlay-color":"","overlay-opacity":"","overlay-gradient":""},"tablet":{"background-color":"","background-image":"","background-repeat":"repeat","background-position":"center center","background-size":"auto","background-attachment":"scroll","background-type":"","background-media":"","overlay-type":"","overlay-color":"","overlay-opacity":"","overlay-gradient":""},"mobile":{"background-color":"","background-image":"","background-repeat":"repeat","background-position":"center center","background-size":"auto","background-attachment":"scroll","background-type":"","background-media":"","overlay-type":"","overlay-color":"","overlay-opacity":"","overlay-gradient":""}},"ast-content-background-meta":{"desktop":{"background-color":"var(--ast-global-color-5)","background-image":"","background-repeat":"repeat","background-position":"center center","background-size":"auto","background-attachment":"scroll","background-type":"","background-media":"","overlay-type":"","overlay-color":"","overlay-opacity":"","overlay-gradient":""},"tablet":{"background-color":"var(--ast-global-color-5)","background-image":"","background-repeat":"repeat","background-position":"center center","background-size":"auto","background-attachment":"scroll","background-type":"","background-media":"","overlay-type":"","overlay-color":"","overlay-opacity":"","overlay-gradient":""},"mobile":{"background-color":"var(--ast-global-color-5)","background-image":"","background-repeat":"repeat","background-position":"center center","background-size":"auto","background-attachment":"scroll","background-type":"","background-media":"","overlay-type":"","overlay-color":"","overlay-opacity":"","overlay-gradient":""}}},"yoast_head":"<!-- This site is optimized with the Yoast SEO plugin v18.5.1 - https:\/\/yoast.com\/wordpress\/plugins\/seo\/ -->\n<title>Releases - UC Mobile Apps<\/title>\n<meta name=\"robots\" content=\"index, follow, max-snippet:-1, max-image-preview:large, max-video-preview:-1\" \/>\n<link rel=\"canonical\" href=\"https:\/\/uc-mobileapps.com\/de\/android-apps\/blueduino-textkuerzel\/veroeffentlichungen-changelog\/\" \/>\n<meta name=\"twitter:label1\" content=\"Gesch\u00e4tzte Lesezeit\" \/>\n\t<meta name=\"twitter:data1\" content=\"4 Minuten\" \/>\n<script type=\"application\/ld+json\" class=\"yoast-schema-graph\">{\"@context\":\"https:\/\/schema.org\",\"@graph\":[{\"@type\":\"Organization\",\"@id\":\"http:\/\/uc-mobileapps.com\/de\/#organization\",\"name\":\"UC Mobile Apps\",\"url\":\"http:\/\/uc-mobileapps.com\/de\/\",\"sameAs\":[],\"logo\":{\"@type\":\"ImageObject\",\"@id\":\"http:\/\/uc-mobileapps.com\/de\/#logo\",\"inLanguage\":\"de-DE\",\"url\":\"http:\/\/uc-mobileapps.com\/de\/wp-content\/uploads\/sites\/2\/2018\/07\/cropped-UC-Logo.png\",\"contentUrl\":\"http:\/\/uc-mobileapps.com\/de\/wp-content\/uploads\/sites\/2\/2018\/07\/cropped-UC-Logo.png\",\"width\":512,\"height\":512,\"caption\":\"UC Mobile Apps\"},\"image\":{\"@id\":\"http:\/\/uc-mobileapps.com\/de\/#logo\"}},{\"@type\":\"WebSite\",\"@id\":\"http:\/\/uc-mobileapps.com\/de\/#website\",\"url\":\"http:\/\/uc-mobileapps.com\/de\/\",\"name\":\"UC Mobile Apps\",\"description\":\"Innovative Softwareentwicklung und mobile Anwendungen\",\"publisher\":{\"@id\":\"http:\/\/uc-mobileapps.com\/de\/#organization\"},\"potentialAction\":[{\"@type\":\"SearchAction\",\"target\":{\"@type\":\"EntryPoint\",\"urlTemplate\":\"http:\/\/uc-mobileapps.com\/de\/?s={search_term_string}\"},\"query-input\":\"required name=search_term_string\"}],\"inLanguage\":\"de-DE\"},{\"@type\":\"WebPage\",\"@id\":\"https:\/\/uc-mobileapps.com\/de\/android-apps\/blueduino-textkuerzel\/veroeffentlichungen-changelog\/#webpage\",\"url\":\"https:\/\/uc-mobileapps.com\/de\/android-apps\/blueduino-textkuerzel\/veroeffentlichungen-changelog\/\",\"name\":\"Releases - UC Mobile Apps\",\"isPartOf\":{\"@id\":\"http:\/\/uc-mobileapps.com\/de\/#website\"},\"datePublished\":\"2021-03-16T12:21:11+00:00\",\"dateModified\":\"2021-03-29T19:20:25+00:00\",\"breadcrumb\":{\"@id\":\"https:\/\/uc-mobileapps.com\/de\/android-apps\/blueduino-textkuerzel\/veroeffentlichungen-changelog\/#breadcrumb\"},\"inLanguage\":\"de-DE\",\"potentialAction\":[{\"@type\":\"ReadAction\",\"target\":[\"https:\/\/uc-mobileapps.com\/de\/android-apps\/blueduino-textkuerzel\/veroeffentlichungen-changelog\/\"]}]},{\"@type\":\"BreadcrumbList\",\"@id\":\"https:\/\/uc-mobileapps.com\/de\/android-apps\/blueduino-textkuerzel\/veroeffentlichungen-changelog\/#breadcrumb\",\"itemListElement\":[{\"@type\":\"ListItem\",\"position\":1,\"name\":\"Home\",\"item\":\"http:\/\/uc-mobileapps.com\/de\/\"},{\"@type\":\"ListItem\",\"position\":2,\"name\":\"Android App-Entwicklung\",\"item\":\"http:\/\/uc-mobileapps.com\/de\/android-apps\/\"},{\"@type\":\"ListItem\",\"position\":3,\"name\":\"Blueduino Textk\u00fcrzel App\",\"item\":\"http:\/\/uc-mobileapps.com\/de\/android-apps\/blueduino-textkuerzel\/\"},{\"@type\":\"ListItem\",\"position\":4,\"name\":\"Releases\"}]}]}<\/script>\n<!-- \/ Yoast SEO plugin. -->","yoast_head_json":{"title":"Releases - UC Mobile Apps","robots":{"index":"index","follow":"follow","max-snippet":"max-snippet:-1","max-image-preview":"max-image-preview:large","max-video-preview":"max-video-preview:-1"},"canonical":"https:\/\/uc-mobileapps.com\/de\/android-apps\/blueduino-textkuerzel\/veroeffentlichungen-changelog\/","twitter_misc":{"Gesch\u00e4tzte Lesezeit":"4 Minuten"},"schema":{"@context":"https:\/\/schema.org","@graph":[{"@type":"Organization","@id":"http:\/\/uc-mobileapps.com\/de\/#organization","name":"UC Mobile Apps","url":"http:\/\/uc-mobileapps.com\/de\/","sameAs":[],"logo":{"@type":"ImageObject","@id":"http:\/\/uc-mobileapps.com\/de\/#logo","inLanguage":"de-DE","url":"http:\/\/uc-mobileapps.com\/de\/wp-content\/uploads\/sites\/2\/2018\/07\/cropped-UC-Logo.png","contentUrl":"http:\/\/uc-mobileapps.com\/de\/wp-content\/uploads\/sites\/2\/2018\/07\/cropped-UC-Logo.png","width":512,"height":512,"caption":"UC Mobile Apps"},"image":{"@id":"http:\/\/uc-mobileapps.com\/de\/#logo"}},{"@type":"WebSite","@id":"http:\/\/uc-mobileapps.com\/de\/#website","url":"http:\/\/uc-mobileapps.com\/de\/","name":"UC Mobile Apps","description":"Innovative Softwareentwicklung und mobile Anwendungen","publisher":{"@id":"http:\/\/uc-mobileapps.com\/de\/#organization"},"potentialAction":[{"@type":"SearchAction","target":{"@type":"EntryPoint","urlTemplate":"http:\/\/uc-mobileapps.com\/de\/?s={search_term_string}"},"query-input":"required name=search_term_string"}],"inLanguage":"de-DE"},{"@type":"WebPage","@id":"https:\/\/uc-mobileapps.com\/de\/android-apps\/blueduino-textkuerzel\/veroeffentlichungen-changelog\/#webpage","url":"https:\/\/uc-mobileapps.com\/de\/android-apps\/blueduino-textkuerzel\/veroeffentlichungen-changelog\/","name":"Releases - UC Mobile Apps","isPartOf":{"@id":"http:\/\/uc-mobileapps.com\/de\/#website"},"datePublished":"2021-03-16T12:21:11+00:00","dateModified":"2021-03-29T19:20:25+00:00","breadcrumb":{"@id":"https:\/\/uc-mobileapps.com\/de\/android-apps\/blueduino-textkuerzel\/veroeffentlichungen-changelog\/#breadcrumb"},"inLanguage":"de-DE","potentialAction":[{"@type":"ReadAction","target":["https:\/\/uc-mobileapps.com\/de\/android-apps\/blueduino-textkuerzel\/veroeffentlichungen-changelog\/"]}]},{"@type":"BreadcrumbList","@id":"https:\/\/uc-mobileapps.com\/de\/android-apps\/blueduino-textkuerzel\/veroeffentlichungen-changelog\/#breadcrumb","itemListElement":[{"@type":"ListItem","position":1,"name":"Home","item":"http:\/\/uc-mobileapps.com\/de\/"},{"@type":"ListItem","position":2,"name":"Android App-Entwicklung","item":"http:\/\/uc-mobileapps.com\/de\/android-apps\/"},{"@type":"ListItem","position":3,"name":"Blueduino Textk\u00fcrzel App","item":"http:\/\/uc-mobileapps.com\/de\/android-apps\/blueduino-textkuerzel\/"},{"@type":"ListItem","position":4,"name":"Releases"}]}]}},"_links":{"self":[{"href":"http:\/\/uc-mobileapps.com\/de\/wp-json\/wp\/v2\/pages\/467"}],"collection":[{"href":"http:\/\/uc-mobileapps.com\/de\/wp-json\/wp\/v2\/pages"}],"about":[{"href":"http:\/\/uc-mobileapps.com\/de\/wp-json\/wp\/v2\/types\/page"}],"author":[{"embeddable":true,"href":"http:\/\/uc-mobileapps.com\/de\/wp-json\/wp\/v2\/users\/2"}],"replies":[{"embeddable":true,"href":"http:\/\/uc-mobileapps.com\/de\/wp-json\/wp\/v2\/comments?post=467"}],"version-history":[{"count":5,"href":"http:\/\/uc-mobileapps.com\/de\/wp-json\/wp\/v2\/pages\/467\/revisions"}],"predecessor-version":[{"id":514,"href":"http:\/\/uc-mobileapps.com\/de\/wp-json\/wp\/v2\/pages\/467\/revisions\/514"}],"up":[{"embeddable":true,"href":"http:\/\/uc-mobileapps.com\/de\/wp-json\/wp\/v2\/pages\/459"}],"wp:attachment":[{"href":"http:\/\/uc-mobileapps.com\/de\/wp-json\/wp\/v2\/media?parent=467"}],"curies":[{"name":"wp","href":"https:\/\/api.w.org\/{rel}","templated":true}]}}