{"id":462,"date":"2021-03-16T13:15:51","date_gmt":"2021-03-16T12:15:51","guid":{"rendered":"http:\/\/uc-mobileapps.com\/de\/?page_id=462"},"modified":"2021-03-16T21:10:40","modified_gmt":"2021-03-16T20:10:40","slug":"eigenschaften","status":"publish","type":"page","link":"http:\/\/uc-mobileapps.com\/de\/android-apps\/blueduino-textkuerzel\/eigenschaften\/","title":{"rendered":"Features"},"content":{"rendered":"\n<h1>Textexpander f\u00fcr Android<\/h1>\n\n\n\n<p>Die Blueduino Tastatur erm\u00f6glicht automatische Text-Ersetzungen \u00e4hnlich zu Autohotkey unter Windows.<br>Es verbessert die Schreibgeschwindigkeit auf Tablets und Smartphones mit sinnvollen Features f\u00fcr die nahtlose Integration und zur Vereinfachung von Text Arbeiten auf Mobilger\u00e4ten.<\/p>\n\n\n\n<p>Die App kombiniert durchdachte Features in eine Soft-Tastatur mit intuitiven Funktionen die Ihre t\u00e4gliche Arbeit mit den Ger\u00e4ten vereinfacht.<\/p>\n\n\n\n<p>Ab Android 5.0 Lollipop k\u00f6nnen die Texte und Makros auch mit anderen Android Tastaturen verwendet werden. Die App wird dazu als Eingabehilfe konfiguriert und stellt in dem Textfeld ein Icon dar, wenn eine Auto-Vervollst\u00e4ndigung verf\u00fcgbar ist. Wenn man darauf tippt, wird das K\u00fcrzel ersetzt. Sofern mehrere Texte f\u00fcr das gleiche K\u00fcrzel definiert sind, kann die Ersetzung aus einem Men\u00fc ausgew\u00e4hlt werden.<br>Alle Makros, wie Datums- und Uhrzeit-W\u00e4hler funktionieren ohne Weiteres weiter wenn Blueduino als Eingabehilfe benutzt wird.<\/p>\n\n\n\n<p><strong>Kontakte einf\u00fcgen<\/strong><br>Blueduino erstellt formatierte text mit Telefonnummer, E-Mail und Adresse und bietet sie zum Einf\u00fcgen mit nur drei Finger-Klicks.<\/p>\n\n\n\n<p><strong>Favoriten K\u00fcrzel<\/strong><br>Am meisten genutzte K\u00fcrzel k\u00f6nnen den Favoriten hinzugef\u00fcgt werden und sind mit nur zwei Klicks \u00fcber den Bluetab erreichbar.<\/p>\n\n\n\n<p><strong>Autokorrektur<\/strong><br>Blueduino unterst\u00fctzt Wortvervollst\u00e4ndigung und Korrektur in mehreren Spachen. Existierende SMS k\u00f6nnen analysiert werden um Ihren Schreibstil in das W\u00f6rterbuch zu integrieren.<\/p>\n\n\n\n<p><strong>Privatsph\u00e4re<\/strong><br>Die Blueduino App aus dem Play Store fordert keine Berechtigung zum Zugriff auf das Internet an. Der von Ihnen eingegebene Text wird durch die App nicht weitergegeben.<br>Textvorschl\u00e4ge k\u00f6nnen durch einen langen Klick aus dem W\u00f6rterbuch entfernt werden.<\/p>\n\n\n\n<p><strong>Blueduino ist einfach<\/strong><br>Die App wurde entwickelt, einfach und intuitiv bedienbar zu sein. Die App wird Sie nicht beim Schreiben unterbrechen stattdessen hilft sie bei der Texteingabe in geigneter Weise.<\/p>\n\n\n\n<div class=\"wp-block-image\"><figure class=\"alignright size-large is-resized\"><a href=\"http:\/\/uc-mobileapps.com\/de\/wp-content\/uploads\/sites\/2\/2021\/03\/android-text-expander-keyboard-pick-contact-1.png\"><img loading=\"lazy\" src=\"http:\/\/uc-mobileapps.com\/de\/wp-content\/uploads\/sites\/2\/2021\/03\/android-text-expander-keyboard-pick-contact-1.png\" alt=\"\" class=\"wp-image-488\" width=\"324\" height=\"576\" srcset=\"http:\/\/uc-mobileapps.com\/de\/wp-content\/uploads\/sites\/2\/2021\/03\/android-text-expander-keyboard-pick-contact-1.png 432w, http:\/\/uc-mobileapps.com\/de\/wp-content\/uploads\/sites\/2\/2021\/03\/android-text-expander-keyboard-pick-contact-1-169x300.png 169w\" sizes=\"(max-width: 324px) 100vw, 324px\" \/><\/a><figcaption>Formatierte Kontaktdaten einfach \u00fcber die Zwischenablage ausw\u00e4hlen.<\/figcaption><\/figure><\/div>\n\n\n\n<p><strong>Historie f\u00fcr die Zwischenablage<\/strong><br>Einfach die letzten Clipboard Eintr\u00e4ge benutzen, die Historie verhindert versehentliches \u00dcberschreiben der Zwischenablage.<\/p>\n\n\n\n<p><strong>Konfigurierbares Soft-Keyboard<\/strong><br>Passen Sie Tastengr\u00f6\u00dfe, Vibration und Anschlagssound an, setzen Sie Wiederholrate und -verz\u00f6gerung. Stellen Sie ein, wie lange Eintr\u00e4ge in der Historie der Zwischenablage gespeichert werden sollen.<\/p>\n\n\n\n<p><strong>Eigenschaften des Blueduino Text Expanders<\/strong><\/p>\n\n\n\n<ul><li>Entwickelt f\u00fcr Tablets und Telefone<\/li><li>Vordefinierte Abk\u00fcrzungen<\/li><li>Unterst\u00fctzt englische, deutsche, franz\u00f6sische, italienische, belgische, polnische und andere internationale Tastaturlayouts<\/li><li>Soft-Keyboard und Hardwareunterst\u00fctzung f\u00fcr die meisten Bluetooth-Keyboards<\/li><li>Fortschrittliche Textvorhersage<\/li><li>Historie f\u00fcr die Zwischenablage<\/li><li>Sortierte K\u00fcrzel-Favoriten von \u00fcberall einf\u00fcgen<\/li><li>Fairer Preis, verbesserte Produktivit\u00e4t als Gegenleistungtext expander android<br>Der Android Text Expander auf einem Tablet-PC<\/li><\/ul>\n\n\n\n<p>Blueduino ist mehr als nur eine Tastatur, die App hilft wiederkehrende Aufgaben wie Kundenbetreuung per E-Mail schneller und mit weniger Fehlern zu erledigen.<br>Die Schreibgeschwindigkeit wird durch eigene Tasten f\u00fcr sprachspezifischen Buchstaben, wie etwa Umlauten verbessert, ohne \u00fcber lange Klicks darauf zugreifen zu m\u00fcssen.<\/p>\n\n\n\n<p><strong>Zeit sparen durch die Nutzung von Textschnipseln<\/strong><\/p>\n\n\n\n<ul><li>&nbsp;&nbsp;&nbsp; E-Mail Signaturen<\/li><li>&nbsp;&nbsp;&nbsp; Langen W\u00f6rtern die leicht falsch geschrieben werden<\/li><li>&nbsp;&nbsp;&nbsp; Addressen oder Wegbeschreibungen<\/li><li>&nbsp;&nbsp;&nbsp; \u00d6fters benutzte Formulierungen und S\u00e4tzen<\/li><li>&nbsp;&nbsp;&nbsp; Textvorlagen<\/li><li>&nbsp;&nbsp;&nbsp; Umschalten zwischen Vorlagen f\u00fcr verschiedene Sprachen<\/li><\/ul>\n\n\n\n<p>Die K\u00fcrzelverwaltung erm\u00f6glicht eine einfache Navigation mit Suche um die K\u00fcrzel zu verwalten, Textvorlagen k\u00f6nnen editiert werden und sind sofort verf\u00fcgbar.<\/p>\n\n\n\n<p>Laden Sie sich Blueduino aus dem Google Play Store und probieren Sie es aus, es lohnt sich.<\/p>\n","protected":false},"excerpt":{"rendered":"<p>Textexpander f\u00fcr Android Die Blueduino Tastatur erm\u00f6glicht automatische Text-Ersetzungen \u00e4hnlich zu Autohotkey unter Windows.Es verbessert die Schreibgeschwindigkeit auf Tablets und Smartphones mit sinnvollen Features f\u00fcr die nahtlose Integration und zur Vereinfachung von Text Arbeiten auf Mobilger\u00e4ten. Die App kombiniert durchdachte Features in eine Soft-Tastatur mit intuitiven Funktionen die Ihre t\u00e4gliche Arbeit mit den Ger\u00e4ten vereinfacht. [&hellip;]<\/p>\n","protected":false},"author":2,"featured_media":0,"parent":459,"menu_order":0,"comment_status":"closed","ping_status":"closed","template":"","meta":{"site-sidebar-layout":"default","site-content-layout":"default","ast-site-content-layout":"default","site-content-style":"default","site-sidebar-style":"default","ast-global-header-display":"","ast-banner-title-visibility":"","ast-main-header-display":"","ast-hfb-above-header-display":"","ast-hfb-below-header-display":"","ast-hfb-mobile-header-display":"","site-post-title":"","ast-breadcrumbs-content":"","ast-featured-img":"","footer-sml-layout":"","theme-transparent-header-meta":"default","adv-header-id-meta":"","stick-header-meta":"","header-above-stick-meta":"","header-main-stick-meta":"","header-below-stick-meta":"","astra-migrate-meta-layouts":"default","ast-page-background-enabled":"default","ast-page-background-meta":{"desktop":{"background-color":"","background-image":"","background-repeat":"repeat","background-position":"center center","background-size":"auto","background-attachment":"scroll","background-type":"","background-media":"","overlay-type":"","overlay-color":"","overlay-opacity":"","overlay-gradient":""},"tablet":{"background-color":"","background-image":"","background-repeat":"repeat","background-position":"center center","background-size":"auto","background-attachment":"scroll","background-type":"","background-media":"","overlay-type":"","overlay-color":"","overlay-opacity":"","overlay-gradient":""},"mobile":{"background-color":"","background-image":"","background-repeat":"repeat","background-position":"center center","background-size":"auto","background-attachment":"scroll","background-type":"","background-media":"","overlay-type":"","overlay-color":"","overlay-opacity":"","overlay-gradient":""}},"ast-content-background-meta":{"desktop":{"background-color":"var(--ast-global-color-5)","background-image":"","background-repeat":"repeat","background-position":"center center","background-size":"auto","background-attachment":"scroll","background-type":"","background-media":"","overlay-type":"","overlay-color":"","overlay-opacity":"","overlay-gradient":""},"tablet":{"background-color":"var(--ast-global-color-5)","background-image":"","background-repeat":"repeat","background-position":"center center","background-size":"auto","background-attachment":"scroll","background-type":"","background-media":"","overlay-type":"","overlay-color":"","overlay-opacity":"","overlay-gradient":""},"mobile":{"background-color":"var(--ast-global-color-5)","background-image":"","background-repeat":"repeat","background-position":"center center","background-size":"auto","background-attachment":"scroll","background-type":"","background-media":"","overlay-type":"","overlay-color":"","overlay-opacity":"","overlay-gradient":""}}},"yoast_head":"<!-- This site is optimized with the Yoast SEO plugin v18.5.1 - https:\/\/yoast.com\/wordpress\/plugins\/seo\/ -->\n<title>Features - UC Mobile Apps<\/title>\n<meta name=\"description\" content=\"Die Blueduino Tastatur Eingabehilfe erm\u00f6glicht automatische Text-Ersetzungen und verbessert die Schreibgeschwindigkeit auf Tablets und Smartphones.\" \/>\n<meta name=\"robots\" content=\"index, follow, max-snippet:-1, max-image-preview:large, max-video-preview:-1\" \/>\n<link rel=\"canonical\" href=\"https:\/\/uc-mobileapps.com\/de\/android-apps\/blueduino-textkuerzel\/eigenschaften\/\" \/>\n<meta name=\"twitter:label1\" content=\"Gesch\u00e4tzte Lesezeit\" \/>\n\t<meta name=\"twitter:data1\" content=\"3 Minuten\" \/>\n<script type=\"application\/ld+json\" class=\"yoast-schema-graph\">{\"@context\":\"https:\/\/schema.org\",\"@graph\":[{\"@type\":\"Organization\",\"@id\":\"http:\/\/uc-mobileapps.com\/de\/#organization\",\"name\":\"UC Mobile Apps\",\"url\":\"http:\/\/uc-mobileapps.com\/de\/\",\"sameAs\":[],\"logo\":{\"@type\":\"ImageObject\",\"@id\":\"http:\/\/uc-mobileapps.com\/de\/#logo\",\"inLanguage\":\"de-DE\",\"url\":\"http:\/\/uc-mobileapps.com\/de\/wp-content\/uploads\/sites\/2\/2018\/07\/cropped-UC-Logo.png\",\"contentUrl\":\"http:\/\/uc-mobileapps.com\/de\/wp-content\/uploads\/sites\/2\/2018\/07\/cropped-UC-Logo.png\",\"width\":512,\"height\":512,\"caption\":\"UC Mobile Apps\"},\"image\":{\"@id\":\"http:\/\/uc-mobileapps.com\/de\/#logo\"}},{\"@type\":\"WebSite\",\"@id\":\"http:\/\/uc-mobileapps.com\/de\/#website\",\"url\":\"http:\/\/uc-mobileapps.com\/de\/\",\"name\":\"UC Mobile Apps\",\"description\":\"Innovative Softwareentwicklung und mobile Anwendungen\",\"publisher\":{\"@id\":\"http:\/\/uc-mobileapps.com\/de\/#organization\"},\"potentialAction\":[{\"@type\":\"SearchAction\",\"target\":{\"@type\":\"EntryPoint\",\"urlTemplate\":\"http:\/\/uc-mobileapps.com\/de\/?s={search_term_string}\"},\"query-input\":\"required name=search_term_string\"}],\"inLanguage\":\"de-DE\"},{\"@type\":\"ImageObject\",\"@id\":\"https:\/\/uc-mobileapps.com\/de\/android-apps\/blueduino-textkuerzel\/eigenschaften\/#primaryimage\",\"inLanguage\":\"de-DE\",\"url\":\"http:\/\/uc-mobileapps.com\/de\/wp-content\/uploads\/sites\/2\/2021\/03\/android-text-expander-keyboard-pick-contact-1.png\",\"contentUrl\":\"http:\/\/uc-mobileapps.com\/de\/wp-content\/uploads\/sites\/2\/2021\/03\/android-text-expander-keyboard-pick-contact-1.png\",\"width\":432,\"height\":768},{\"@type\":\"WebPage\",\"@id\":\"https:\/\/uc-mobileapps.com\/de\/android-apps\/blueduino-textkuerzel\/eigenschaften\/#webpage\",\"url\":\"https:\/\/uc-mobileapps.com\/de\/android-apps\/blueduino-textkuerzel\/eigenschaften\/\",\"name\":\"Features - UC Mobile Apps\",\"isPartOf\":{\"@id\":\"http:\/\/uc-mobileapps.com\/de\/#website\"},\"primaryImageOfPage\":{\"@id\":\"https:\/\/uc-mobileapps.com\/de\/android-apps\/blueduino-textkuerzel\/eigenschaften\/#primaryimage\"},\"datePublished\":\"2021-03-16T12:15:51+00:00\",\"dateModified\":\"2021-03-16T20:10:40+00:00\",\"description\":\"Die Blueduino Tastatur Eingabehilfe erm\u00f6glicht automatische Text-Ersetzungen und verbessert die Schreibgeschwindigkeit auf Tablets und Smartphones.\",\"breadcrumb\":{\"@id\":\"https:\/\/uc-mobileapps.com\/de\/android-apps\/blueduino-textkuerzel\/eigenschaften\/#breadcrumb\"},\"inLanguage\":\"de-DE\",\"potentialAction\":[{\"@type\":\"ReadAction\",\"target\":[\"https:\/\/uc-mobileapps.com\/de\/android-apps\/blueduino-textkuerzel\/eigenschaften\/\"]}]},{\"@type\":\"BreadcrumbList\",\"@id\":\"https:\/\/uc-mobileapps.com\/de\/android-apps\/blueduino-textkuerzel\/eigenschaften\/#breadcrumb\",\"itemListElement\":[{\"@type\":\"ListItem\",\"position\":1,\"name\":\"Home\",\"item\":\"http:\/\/uc-mobileapps.com\/de\/\"},{\"@type\":\"ListItem\",\"position\":2,\"name\":\"Android App-Entwicklung\",\"item\":\"http:\/\/uc-mobileapps.com\/de\/android-apps\/\"},{\"@type\":\"ListItem\",\"position\":3,\"name\":\"Blueduino Textk\u00fcrzel App\",\"item\":\"http:\/\/uc-mobileapps.com\/de\/android-apps\/blueduino-textkuerzel\/\"},{\"@type\":\"ListItem\",\"position\":4,\"name\":\"Features\"}]}]}<\/script>\n<!-- \/ Yoast SEO plugin. -->","yoast_head_json":{"title":"Features - UC Mobile Apps","description":"Die Blueduino Tastatur Eingabehilfe erm\u00f6glicht automatische Text-Ersetzungen und verbessert die Schreibgeschwindigkeit auf Tablets und Smartphones.","robots":{"index":"index","follow":"follow","max-snippet":"max-snippet:-1","max-image-preview":"max-image-preview:large","max-video-preview":"max-video-preview:-1"},"canonical":"https:\/\/uc-mobileapps.com\/de\/android-apps\/blueduino-textkuerzel\/eigenschaften\/","twitter_misc":{"Gesch\u00e4tzte Lesezeit":"3 Minuten"},"schema":{"@context":"https:\/\/schema.org","@graph":[{"@type":"Organization","@id":"http:\/\/uc-mobileapps.com\/de\/#organization","name":"UC Mobile Apps","url":"http:\/\/uc-mobileapps.com\/de\/","sameAs":[],"logo":{"@type":"ImageObject","@id":"http:\/\/uc-mobileapps.com\/de\/#logo","inLanguage":"de-DE","url":"http:\/\/uc-mobileapps.com\/de\/wp-content\/uploads\/sites\/2\/2018\/07\/cropped-UC-Logo.png","contentUrl":"http:\/\/uc-mobileapps.com\/de\/wp-content\/uploads\/sites\/2\/2018\/07\/cropped-UC-Logo.png","width":512,"height":512,"caption":"UC Mobile Apps"},"image":{"@id":"http:\/\/uc-mobileapps.com\/de\/#logo"}},{"@type":"WebSite","@id":"http:\/\/uc-mobileapps.com\/de\/#website","url":"http:\/\/uc-mobileapps.com\/de\/","name":"UC Mobile Apps","description":"Innovative Softwareentwicklung und mobile Anwendungen","publisher":{"@id":"http:\/\/uc-mobileapps.com\/de\/#organization"},"potentialAction":[{"@type":"SearchAction","target":{"@type":"EntryPoint","urlTemplate":"http:\/\/uc-mobileapps.com\/de\/?s={search_term_string}"},"query-input":"required name=search_term_string"}],"inLanguage":"de-DE"},{"@type":"ImageObject","@id":"https:\/\/uc-mobileapps.com\/de\/android-apps\/blueduino-textkuerzel\/eigenschaften\/#primaryimage","inLanguage":"de-DE","url":"http:\/\/uc-mobileapps.com\/de\/wp-content\/uploads\/sites\/2\/2021\/03\/android-text-expander-keyboard-pick-contact-1.png","contentUrl":"http:\/\/uc-mobileapps.com\/de\/wp-content\/uploads\/sites\/2\/2021\/03\/android-text-expander-keyboard-pick-contact-1.png","width":432,"height":768},{"@type":"WebPage","@id":"https:\/\/uc-mobileapps.com\/de\/android-apps\/blueduino-textkuerzel\/eigenschaften\/#webpage","url":"https:\/\/uc-mobileapps.com\/de\/android-apps\/blueduino-textkuerzel\/eigenschaften\/","name":"Features - UC Mobile Apps","isPartOf":{"@id":"http:\/\/uc-mobileapps.com\/de\/#website"},"primaryImageOfPage":{"@id":"https:\/\/uc-mobileapps.com\/de\/android-apps\/blueduino-textkuerzel\/eigenschaften\/#primaryimage"},"datePublished":"2021-03-16T12:15:51+00:00","dateModified":"2021-03-16T20:10:40+00:00","description":"Die Blueduino Tastatur Eingabehilfe erm\u00f6glicht automatische Text-Ersetzungen und verbessert die Schreibgeschwindigkeit auf Tablets und Smartphones.","breadcrumb":{"@id":"https:\/\/uc-mobileapps.com\/de\/android-apps\/blueduino-textkuerzel\/eigenschaften\/#breadcrumb"},"inLanguage":"de-DE","potentialAction":[{"@type":"ReadAction","target":["https:\/\/uc-mobileapps.com\/de\/android-apps\/blueduino-textkuerzel\/eigenschaften\/"]}]},{"@type":"BreadcrumbList","@id":"https:\/\/uc-mobileapps.com\/de\/android-apps\/blueduino-textkuerzel\/eigenschaften\/#breadcrumb","itemListElement":[{"@type":"ListItem","position":1,"name":"Home","item":"http:\/\/uc-mobileapps.com\/de\/"},{"@type":"ListItem","position":2,"name":"Android App-Entwicklung","item":"http:\/\/uc-mobileapps.com\/de\/android-apps\/"},{"@type":"ListItem","position":3,"name":"Blueduino Textk\u00fcrzel App","item":"http:\/\/uc-mobileapps.com\/de\/android-apps\/blueduino-textkuerzel\/"},{"@type":"ListItem","position":4,"name":"Features"}]}]}},"_links":{"self":[{"href":"http:\/\/uc-mobileapps.com\/de\/wp-json\/wp\/v2\/pages\/462"}],"collection":[{"href":"http:\/\/uc-mobileapps.com\/de\/wp-json\/wp\/v2\/pages"}],"about":[{"href":"http:\/\/uc-mobileapps.com\/de\/wp-json\/wp\/v2\/types\/page"}],"author":[{"embeddable":true,"href":"http:\/\/uc-mobileapps.com\/de\/wp-json\/wp\/v2\/users\/2"}],"replies":[{"embeddable":true,"href":"http:\/\/uc-mobileapps.com\/de\/wp-json\/wp\/v2\/comments?post=462"}],"version-history":[{"count":3,"href":"http:\/\/uc-mobileapps.com\/de\/wp-json\/wp\/v2\/pages\/462\/revisions"}],"predecessor-version":[{"id":494,"href":"http:\/\/uc-mobileapps.com\/de\/wp-json\/wp\/v2\/pages\/462\/revisions\/494"}],"up":[{"embeddable":true,"href":"http:\/\/uc-mobileapps.com\/de\/wp-json\/wp\/v2\/pages\/459"}],"wp:attachment":[{"href":"http:\/\/uc-mobileapps.com\/de\/wp-json\/wp\/v2\/media?parent=462"}],"curies":[{"name":"wp","href":"https:\/\/api.w.org\/{rel}","templated":true}]}}