{"id":459,"date":"2021-03-16T12:42:59","date_gmt":"2021-03-16T11:42:59","guid":{"rendered":"http:\/\/uc-mobileapps.com\/de\/?page_id=459"},"modified":"2021-04-09T22:42:29","modified_gmt":"2021-04-09T20:42:29","slug":"blueduino-textkuerzel","status":"publish","type":"page","link":"http:\/\/uc-mobileapps.com\/de\/android-apps\/blueduino-textkuerzel\/","title":{"rendered":"Blueduino Textk\u00fcrzel App"},"content":{"rendered":"\r\n<p>&nbsp;<\/p>\r\n<figure id=\"attachment_530\" aria-describedby=\"caption-attachment-530\" style=\"width: 144px\" class=\"wp-caption alignright\"><a href=\"https:\/\/play.google.com\/store\/apps\/details?id=com.weebmeister.textexpander.macro\"><img loading=\"lazy\" class=\"wp-image-530 size-full\" src=\"http:\/\/uc-mobileapps.com\/de\/wp-content\/uploads\/sites\/2\/2021\/04\/blueduino_logo_144.png\" alt=\"Blueduino App Icon\" width=\"144\" height=\"144\" srcset=\"http:\/\/uc-mobileapps.com\/de\/wp-content\/uploads\/sites\/2\/2021\/04\/blueduino_logo_144.png 144w, http:\/\/uc-mobileapps.com\/de\/wp-content\/uploads\/sites\/2\/2021\/04\/blueduino_logo_144-65x65.png 65w\" sizes=\"(max-width: 144px) 100vw, 144px\" \/><\/a><figcaption id=\"caption-attachment-530\" class=\"wp-caption-text\">App im Play Store herunterladen<\/figcaption><\/figure>\r\n<p><strong>Soft-Keyboard mit Textk\u00fcrzeln f\u00fcr Android mit Bluetooth Unterst\u00fctzung<\/strong><br \/>Die Blueduino Text Expander App erleichtert schreiben auf Telefon oder Tablet, Texte lassen sich einfach und effizienter erstellen.<\/p>\r\n<p><br \/>Es erm\u00f6glicht frei konfigurierbare K\u00fcrzel, Aufgaben wie E-Mails beantworten ist durch die Textvorlagen schneller erledigt.<\/p>\r\n\r\n\r\n\r\n<ul>\r\n<li>Nutzung als Eingabehilfe zur Verwendung der K\u00fcrzel ab Android 5 Lollipop mit beliebigen anderen Tastaturen<\/li>\r\n<li>Tastaturfunktion mit deutschen Umlauten und Emojis als Alternative zum mitgelieferten Android Standardkeyboard<\/li>\r\n<li>Bluetooth-Tastaturen mit deutschem Layout und Umlauten verwenden ohne auf Autovervollst\u00e4ndigung und Makros zu verzichten<\/li>\r\n<\/ul>\r\n\r\n\r\n\r\n<p>Ab Android Lollipop k\u00f6nnen Sie die App als Eingabehilfe konfigurieren. Ein Icon erscheint wann immer Blueduino ein K\u00fcrzel erkannt hat oder es eine sinnvolle erweiterte Eingabe anbieten kann.<\/p>\r\n\r\n<div id=\"attachment_66\" class=\"wp-block-image\">\r\n<figure class=\"alignright size-large is-resized\"><a href=\"http:\/\/uc-mobileapps.com\/de\/wp-content\/uploads\/sites\/2\/2021\/03\/simple_replacement-1.png\"><img loading=\"lazy\" class=\"wp-image-479 alignright\" src=\"http:\/\/uc-mobileapps.com\/de\/wp-content\/uploads\/sites\/2\/2021\/03\/simple_replacement-1.png\" alt=\"\" width=\"358\" height=\"97\" srcset=\"http:\/\/uc-mobileapps.com\/de\/wp-content\/uploads\/sites\/2\/2021\/03\/simple_replacement-1.png 715w, http:\/\/uc-mobileapps.com\/de\/wp-content\/uploads\/sites\/2\/2021\/03\/simple_replacement-1-300x81.png 300w\" sizes=\"(max-width: 358px) 100vw, 358px\" \/><\/a>\r\n<figcaption>Automatisch Text ersetzen<\/figcaption>\r\n<\/figure>\r\n<\/div>\r\n\r\n<p>&nbsp;<\/p>\r\n<p>&nbsp;<\/p>\r\n\r\n<p>Mit Tippen auf den Vorschlag zur Vervollst\u00e4ndigung wird die Texterweiterung durchgef\u00fchrt.<br \/>Die Textersetzung kann auch leicht wieder r\u00fcckg\u00e4ngig gemacht werden und eine mehrfache Belegung von K\u00fcrzeln ist m\u00f6glich. So kann unter verschiedene Varianten z.B. von \u201amfg\u2018 ausgew\u00e4hlt werden.<\/p>\r\n\r\n\r\n\r\n<div id=\"attachment_67\" class=\"wp-block-image\">\r\n<figure class=\"alignright size-large is-resized\"><a href=\"http:\/\/uc-mobileapps.com\/de\/wp-content\/uploads\/sites\/2\/2021\/03\/multi_text_expand-1.png\"><img loading=\"lazy\" class=\"wp-image-477\" src=\"http:\/\/uc-mobileapps.com\/de\/wp-content\/uploads\/sites\/2\/2021\/03\/multi_text_expand-1.png\" alt=\"\" width=\"355\" height=\"89\" srcset=\"http:\/\/uc-mobileapps.com\/de\/wp-content\/uploads\/sites\/2\/2021\/03\/multi_text_expand-1.png 710w, http:\/\/uc-mobileapps.com\/de\/wp-content\/uploads\/sites\/2\/2021\/03\/multi_text_expand-1-300x75.png 300w\" sizes=\"(max-width: 355px) 100vw, 355px\" \/><\/a>\r\n<figcaption>Auswahl von mehrfach belegten K\u00fcrzeln<\/figcaption>\r\n<\/figure>\r\n<\/div>\r\n\r\n\r\n\r\n<p>Unterst\u00fctzung von lustigen kombinierten Emoticons und eine Favoritenliste machen Blueduino zu ihrem Begleiter beim Texten und Chatten.<\/p>\r\n\r\n\r\n\r\n<h4>Blueduino erweitert ihr Android um Autovervollst\u00e4ndigung<\/h4>\r\n\r\n\r\n\r\n<p>Softkeyboard mit integrierten K\u00fcrzeln und Textvorhersage<br \/>Textemakros, Abk\u00fcrzungen wir \u201amfg\u2018 werden direkt zu \u201aMit freundlichen Gr\u00fc\u00dfen, [Ihr Name]\u2018 expandiert<br \/>Einfach zwischen Sprachen und Keyboardlayouts umschalten<br \/>Hotkeys wir Strg-C und Strg-V mit der Bluetooth-Tastatur benutzen<br \/>Schnelles Einf\u00fcgen eines Datums oder der Uhrzeit \u00fcber einen Dialog<\/p>\r\n\r\n\r\n\r\n\r\n\r\n<div id=\"attachment_68\" class=\"wp-block-image\">\r\n<figure class=\"alignright size-large is-resized\"><a href=\"http:\/\/uc-mobileapps.com\/de\/wp-content\/uploads\/sites\/2\/2021\/03\/simple_undo-1.png\"><img loading=\"lazy\" class=\"wp-image-480\" src=\"http:\/\/uc-mobileapps.com\/de\/wp-content\/uploads\/sites\/2\/2021\/03\/simple_undo-1.png\" alt=\"\" width=\"356\" height=\"95\" srcset=\"http:\/\/uc-mobileapps.com\/de\/wp-content\/uploads\/sites\/2\/2021\/03\/simple_undo-1.png 712w, http:\/\/uc-mobileapps.com\/de\/wp-content\/uploads\/sites\/2\/2021\/03\/simple_undo-1-300x80.png 300w\" sizes=\"(max-width: 356px) 100vw, 356px\" \/><\/a>\r\n<figcaption>Undo-Funktion<\/figcaption>\r\n<\/figure>\r\n<\/div>\r\n\r\n<p>Der Textexpander bietet viele Konfigurationsm\u00f6glichkeiten<br \/>neben vordefinierten Abk\u00fcrzungen kann ihre pers\u00f6nliche Liste von Abk\u00fcrzungen erstellt werden, so k\u00f6nnen Gru\u00dfformeln und Anreden Ihren eigenen Bed\u00fcrfnissen<br \/>angepasst werden. Die praktische Datums- und Uhrzeitfunktion wird bereits zur Auswahl angeboten, wenn sie \u201eum\u201c oder \u201eam\u201c schreiben, beim Klick erscheint ein Dialog,<br \/>in dem nur noch der Zeitpunkt ausgew\u00e4hlt werden braucht.<br \/>Das Blueduino Softkeyboard erspart Ihnen viel Tipp-Arbeit und macht Texte schreiben unter Android effizienter.<\/p>\r\n\r\n\r\n\r\n<h3>Wie es funktioniert<\/h3>\r\n\r\n\r\n\r\n<p>Laden Sie die App aus dem Play-Store herunter, ausgew\u00e4hlt als Eingabemethode wird die Blueduino-Tastatur auf Ihrem Ger\u00e4t aktiv. Dadurch wird Blueduino entweder als<br \/>Softkeyboard in dem Ger\u00e4t benutzbar oder unterst\u00fctzt ihre Bluetooth-Tastatur, sobald sie mit dem Ger\u00e4t verbunden ist, steht auch da die K\u00fcrzelfunktion zur Verf\u00fcgung.<\/p>\r\n\r\n\r\n\r\n<p>Automatische Textvervollst\u00e4ndigung wird mit Blueduino in Android integriert, sobald sie ein K\u00fcrzel eingegeben haben, erscheinen die jeweils konfigurierten Vorschl\u00e4ge zur Autovervollst\u00e4ndigung.<\/p>\r\n\r\n\r\n\r\n<p>Mehr Informationen finden Sie <a href=\"https:\/\/play.google.com\/store\/apps\/details?id=com.weebmeister.textexpander.macro\">im Play Store<\/a>,<br \/>Helfen Sie, das Produkt zu verbessern Vorschl\u00e4ge und Anregungen werden gerne bearbeitet damit Blueduino Ihr bester Text Expander ist.<\/p>\r\n","protected":false},"excerpt":{"rendered":"<p>&nbsp; Soft-Keyboard mit Textk\u00fcrzeln f\u00fcr Android mit Bluetooth Unterst\u00fctzungDie Blueduino Text Expander App erleichtert schreiben auf Telefon oder Tablet, Texte lassen sich einfach und effizienter erstellen. Es erm\u00f6glicht frei konfigurierbare K\u00fcrzel, Aufgaben wie E-Mails beantworten ist durch die Textvorlagen schneller erledigt. Nutzung als Eingabehilfe zur Verwendung der K\u00fcrzel ab Android 5 Lollipop mit beliebigen anderen [&hellip;]<\/p>\n","protected":false},"author":2,"featured_media":0,"parent":4,"menu_order":0,"comment_status":"closed","ping_status":"closed","template":"","meta":{"site-sidebar-layout":"default","site-content-layout":"default","ast-site-content-layout":"default","site-content-style":"default","site-sidebar-style":"default","ast-global-header-display":"","ast-banner-title-visibility":"","ast-main-header-display":"","ast-hfb-above-header-display":"","ast-hfb-below-header-display":"","ast-hfb-mobile-header-display":"","site-post-title":"","ast-breadcrumbs-content":"","ast-featured-img":"","footer-sml-layout":"","theme-transparent-header-meta":"default","adv-header-id-meta":"","stick-header-meta":"","header-above-stick-meta":"","header-main-stick-meta":"","header-below-stick-meta":"","astra-migrate-meta-layouts":"default","ast-page-background-enabled":"default","ast-page-background-meta":{"desktop":{"background-color":"","background-image":"","background-repeat":"repeat","background-position":"center center","background-size":"auto","background-attachment":"scroll","background-type":"","background-media":"","overlay-type":"","overlay-color":"","overlay-opacity":"","overlay-gradient":""},"tablet":{"background-color":"","background-image":"","background-repeat":"repeat","background-position":"center center","background-size":"auto","background-attachment":"scroll","background-type":"","background-media":"","overlay-type":"","overlay-color":"","overlay-opacity":"","overlay-gradient":""},"mobile":{"background-color":"","background-image":"","background-repeat":"repeat","background-position":"center center","background-size":"auto","background-attachment":"scroll","background-type":"","background-media":"","overlay-type":"","overlay-color":"","overlay-opacity":"","overlay-gradient":""}},"ast-content-background-meta":{"desktop":{"background-color":"var(--ast-global-color-5)","background-image":"","background-repeat":"repeat","background-position":"center center","background-size":"auto","background-attachment":"scroll","background-type":"","background-media":"","overlay-type":"","overlay-color":"","overlay-opacity":"","overlay-gradient":""},"tablet":{"background-color":"var(--ast-global-color-5)","background-image":"","background-repeat":"repeat","background-position":"center center","background-size":"auto","background-attachment":"scroll","background-type":"","background-media":"","overlay-type":"","overlay-color":"","overlay-opacity":"","overlay-gradient":""},"mobile":{"background-color":"var(--ast-global-color-5)","background-image":"","background-repeat":"repeat","background-position":"center center","background-size":"auto","background-attachment":"scroll","background-type":"","background-media":"","overlay-type":"","overlay-color":"","overlay-opacity":"","overlay-gradient":""}}},"yoast_head":"<!-- This site is optimized with the Yoast SEO plugin v18.5.1 - https:\/\/yoast.com\/wordpress\/plugins\/seo\/ -->\n<title>Textk\u00fcrzel erweitern in fast jeder Android App mit UTF-8<\/title>\n<meta name=\"description\" content=\"Mehrfachbelegung pro K\u00fcrzel m\u00f6glich, frei konfigurierbar und mit Makros. Macht Tippen effizient, unterst\u00fctzt UTF-8.\" \/>\n<meta name=\"robots\" content=\"index, follow, max-snippet:-1, max-image-preview:large, max-video-preview:-1\" \/>\n<link rel=\"canonical\" href=\"https:\/\/uc-mobileapps.com\/de\/android-apps\/blueduino-textkuerzel\/\" \/>\n<meta name=\"twitter:label1\" content=\"Gesch\u00e4tzte Lesezeit\" \/>\n\t<meta name=\"twitter:data1\" content=\"3 Minuten\" \/>\n<script type=\"application\/ld+json\" class=\"yoast-schema-graph\">{\"@context\":\"https:\/\/schema.org\",\"@graph\":[{\"@type\":\"Organization\",\"@id\":\"http:\/\/uc-mobileapps.com\/de\/#organization\",\"name\":\"UC Mobile Apps\",\"url\":\"http:\/\/uc-mobileapps.com\/de\/\",\"sameAs\":[],\"logo\":{\"@type\":\"ImageObject\",\"@id\":\"http:\/\/uc-mobileapps.com\/de\/#logo\",\"inLanguage\":\"de-DE\",\"url\":\"http:\/\/uc-mobileapps.com\/de\/wp-content\/uploads\/sites\/2\/2018\/07\/cropped-UC-Logo.png\",\"contentUrl\":\"http:\/\/uc-mobileapps.com\/de\/wp-content\/uploads\/sites\/2\/2018\/07\/cropped-UC-Logo.png\",\"width\":512,\"height\":512,\"caption\":\"UC Mobile Apps\"},\"image\":{\"@id\":\"http:\/\/uc-mobileapps.com\/de\/#logo\"}},{\"@type\":\"WebSite\",\"@id\":\"http:\/\/uc-mobileapps.com\/de\/#website\",\"url\":\"http:\/\/uc-mobileapps.com\/de\/\",\"name\":\"UC Mobile Apps\",\"description\":\"Innovative Softwareentwicklung und mobile Anwendungen\",\"publisher\":{\"@id\":\"http:\/\/uc-mobileapps.com\/de\/#organization\"},\"potentialAction\":[{\"@type\":\"SearchAction\",\"target\":{\"@type\":\"EntryPoint\",\"urlTemplate\":\"http:\/\/uc-mobileapps.com\/de\/?s={search_term_string}\"},\"query-input\":\"required name=search_term_string\"}],\"inLanguage\":\"de-DE\"},{\"@type\":\"ImageObject\",\"@id\":\"https:\/\/uc-mobileapps.com\/de\/android-apps\/blueduino-textkuerzel\/#primaryimage\",\"inLanguage\":\"de-DE\",\"url\":\"http:\/\/uc-mobileapps.com\/de\/wp-content\/uploads\/sites\/2\/2021\/04\/blueduino_logo_144.png\",\"contentUrl\":\"http:\/\/uc-mobileapps.com\/de\/wp-content\/uploads\/sites\/2\/2021\/04\/blueduino_logo_144.png\",\"width\":144,\"height\":144,\"caption\":\"App im Play Store herunterladen\"},{\"@type\":[\"WebPage\",\"ItemPage\"],\"@id\":\"https:\/\/uc-mobileapps.com\/de\/android-apps\/blueduino-textkuerzel\/#webpage\",\"url\":\"https:\/\/uc-mobileapps.com\/de\/android-apps\/blueduino-textkuerzel\/\",\"name\":\"Textk\u00fcrzel erweitern in fast jeder Android App mit UTF-8\",\"isPartOf\":{\"@id\":\"http:\/\/uc-mobileapps.com\/de\/#website\"},\"primaryImageOfPage\":{\"@id\":\"https:\/\/uc-mobileapps.com\/de\/android-apps\/blueduino-textkuerzel\/#primaryimage\"},\"datePublished\":\"2021-03-16T11:42:59+00:00\",\"dateModified\":\"2021-04-09T20:42:29+00:00\",\"description\":\"Mehrfachbelegung pro K\u00fcrzel m\u00f6glich, frei konfigurierbar und mit Makros. Macht Tippen effizient, unterst\u00fctzt UTF-8.\",\"breadcrumb\":{\"@id\":\"https:\/\/uc-mobileapps.com\/de\/android-apps\/blueduino-textkuerzel\/#breadcrumb\"},\"inLanguage\":\"de-DE\",\"potentialAction\":[{\"@type\":\"ReadAction\",\"target\":[\"https:\/\/uc-mobileapps.com\/de\/android-apps\/blueduino-textkuerzel\/\"]}]},{\"@type\":\"BreadcrumbList\",\"@id\":\"https:\/\/uc-mobileapps.com\/de\/android-apps\/blueduino-textkuerzel\/#breadcrumb\",\"itemListElement\":[{\"@type\":\"ListItem\",\"position\":1,\"name\":\"Home\",\"item\":\"http:\/\/uc-mobileapps.com\/de\/\"},{\"@type\":\"ListItem\",\"position\":2,\"name\":\"Android App-Entwicklung\",\"item\":\"http:\/\/uc-mobileapps.com\/de\/android-apps\/\"},{\"@type\":\"ListItem\",\"position\":3,\"name\":\"Blueduino Textk\u00fcrzel App\"}]}]}<\/script>\n<!-- \/ Yoast SEO plugin. -->","yoast_head_json":{"title":"Textk\u00fcrzel erweitern in fast jeder Android App mit UTF-8","description":"Mehrfachbelegung pro K\u00fcrzel m\u00f6glich, frei konfigurierbar und mit Makros. Macht Tippen effizient, unterst\u00fctzt UTF-8.","robots":{"index":"index","follow":"follow","max-snippet":"max-snippet:-1","max-image-preview":"max-image-preview:large","max-video-preview":"max-video-preview:-1"},"canonical":"https:\/\/uc-mobileapps.com\/de\/android-apps\/blueduino-textkuerzel\/","twitter_misc":{"Gesch\u00e4tzte Lesezeit":"3 Minuten"},"schema":{"@context":"https:\/\/schema.org","@graph":[{"@type":"Organization","@id":"http:\/\/uc-mobileapps.com\/de\/#organization","name":"UC Mobile Apps","url":"http:\/\/uc-mobileapps.com\/de\/","sameAs":[],"logo":{"@type":"ImageObject","@id":"http:\/\/uc-mobileapps.com\/de\/#logo","inLanguage":"de-DE","url":"http:\/\/uc-mobileapps.com\/de\/wp-content\/uploads\/sites\/2\/2018\/07\/cropped-UC-Logo.png","contentUrl":"http:\/\/uc-mobileapps.com\/de\/wp-content\/uploads\/sites\/2\/2018\/07\/cropped-UC-Logo.png","width":512,"height":512,"caption":"UC Mobile Apps"},"image":{"@id":"http:\/\/uc-mobileapps.com\/de\/#logo"}},{"@type":"WebSite","@id":"http:\/\/uc-mobileapps.com\/de\/#website","url":"http:\/\/uc-mobileapps.com\/de\/","name":"UC Mobile Apps","description":"Innovative Softwareentwicklung und mobile Anwendungen","publisher":{"@id":"http:\/\/uc-mobileapps.com\/de\/#organization"},"potentialAction":[{"@type":"SearchAction","target":{"@type":"EntryPoint","urlTemplate":"http:\/\/uc-mobileapps.com\/de\/?s={search_term_string}"},"query-input":"required name=search_term_string"}],"inLanguage":"de-DE"},{"@type":"ImageObject","@id":"https:\/\/uc-mobileapps.com\/de\/android-apps\/blueduino-textkuerzel\/#primaryimage","inLanguage":"de-DE","url":"http:\/\/uc-mobileapps.com\/de\/wp-content\/uploads\/sites\/2\/2021\/04\/blueduino_logo_144.png","contentUrl":"http:\/\/uc-mobileapps.com\/de\/wp-content\/uploads\/sites\/2\/2021\/04\/blueduino_logo_144.png","width":144,"height":144,"caption":"App im Play Store herunterladen"},{"@type":["WebPage","ItemPage"],"@id":"https:\/\/uc-mobileapps.com\/de\/android-apps\/blueduino-textkuerzel\/#webpage","url":"https:\/\/uc-mobileapps.com\/de\/android-apps\/blueduino-textkuerzel\/","name":"Textk\u00fcrzel erweitern in fast jeder Android App mit UTF-8","isPartOf":{"@id":"http:\/\/uc-mobileapps.com\/de\/#website"},"primaryImageOfPage":{"@id":"https:\/\/uc-mobileapps.com\/de\/android-apps\/blueduino-textkuerzel\/#primaryimage"},"datePublished":"2021-03-16T11:42:59+00:00","dateModified":"2021-04-09T20:42:29+00:00","description":"Mehrfachbelegung pro K\u00fcrzel m\u00f6glich, frei konfigurierbar und mit Makros. Macht Tippen effizient, unterst\u00fctzt UTF-8.","breadcrumb":{"@id":"https:\/\/uc-mobileapps.com\/de\/android-apps\/blueduino-textkuerzel\/#breadcrumb"},"inLanguage":"de-DE","potentialAction":[{"@type":"ReadAction","target":["https:\/\/uc-mobileapps.com\/de\/android-apps\/blueduino-textkuerzel\/"]}]},{"@type":"BreadcrumbList","@id":"https:\/\/uc-mobileapps.com\/de\/android-apps\/blueduino-textkuerzel\/#breadcrumb","itemListElement":[{"@type":"ListItem","position":1,"name":"Home","item":"http:\/\/uc-mobileapps.com\/de\/"},{"@type":"ListItem","position":2,"name":"Android App-Entwicklung","item":"http:\/\/uc-mobileapps.com\/de\/android-apps\/"},{"@type":"ListItem","position":3,"name":"Blueduino Textk\u00fcrzel App"}]}]}},"_links":{"self":[{"href":"http:\/\/uc-mobileapps.com\/de\/wp-json\/wp\/v2\/pages\/459"}],"collection":[{"href":"http:\/\/uc-mobileapps.com\/de\/wp-json\/wp\/v2\/pages"}],"about":[{"href":"http:\/\/uc-mobileapps.com\/de\/wp-json\/wp\/v2\/types\/page"}],"author":[{"embeddable":true,"href":"http:\/\/uc-mobileapps.com\/de\/wp-json\/wp\/v2\/users\/2"}],"replies":[{"embeddable":true,"href":"http:\/\/uc-mobileapps.com\/de\/wp-json\/wp\/v2\/comments?post=459"}],"version-history":[{"count":13,"href":"http:\/\/uc-mobileapps.com\/de\/wp-json\/wp\/v2\/pages\/459\/revisions"}],"predecessor-version":[{"id":536,"href":"http:\/\/uc-mobileapps.com\/de\/wp-json\/wp\/v2\/pages\/459\/revisions\/536"}],"up":[{"embeddable":true,"href":"http:\/\/uc-mobileapps.com\/de\/wp-json\/wp\/v2\/pages\/4"}],"wp:attachment":[{"href":"http:\/\/uc-mobileapps.com\/de\/wp-json\/wp\/v2\/media?parent=459"}],"curies":[{"name":"wp","href":"https:\/\/api.w.org\/{rel}","templated":true}]}}