{"id":247,"date":"2018-04-01T21:58:23","date_gmt":"2018-04-01T19:58:23","guid":{"rendered":"http:\/\/uc-mobileapps.com\/de\/?page_id=247"},"modified":"2021-01-30T14:06:11","modified_gmt":"2021-01-30T13:06:11","slug":"basisdatentypen","status":"publish","type":"page","link":"http:\/\/uc-mobileapps.com\/de\/android-sqlite-dataprovider-code-generator\/basisdatentypen\/","title":{"rendered":"Basisdatentypen"},"content":{"rendered":"<p>Dei folgenden eingebauten Datentypen werden vom System unterst\u00fctzt. Sie k\u00f6nnen aus der Datenbank gelesen oder zum Schreiben konvertiert werden, ferner k\u00f6nnen sie mit dem Parcelable Interface genutzt werden.<\/p>\n<div class=\"osc-res-tab tabbable   osc-tabs-left\"><div style=\"clear:both;width: 100%;\"><ul class=\"nav osc-res-nav nav-tabs osc-tabs-left-ul\" id=\"oscitas-restabs-1-basisdatentypen-65878\"><li class=\"active\"><a href=\"#ert_pane1-0\" data-toggle=\"tab\">Standard Basisdatentypen<\/a><\/li><li class=\"\"><a href=\"#ert_pane1-1\" data-toggle=\"tab\">Nullable Basisdatentypen<\/a><\/li><li class=\"\"><a href=\"#ert_pane1-2\" data-toggle=\"tab\">Weitere \u00fcbliche Datentypen<\/a><\/li><\/ul><\/div><div style=\"clear:both;width: 100%;\"><ul class=\"tab-content\" id=\"oscitas-restabcontent-1-basisdatentypen-65878\"><li class=\"tab-pane active\" id=\"ert_pane1-0\"><\/p>\n<pre class=\"EnlighterJSRAW\" data-enlighter-language=\"java\">boolean\nbyte\nshort\nint\nlong\nfloat\ndouble\nbyte[]<\/pre>\n<p><\/li><li class=\"tab-pane \" id=\"ert_pane1-1\"><\/p>\n<pre class=\"EnlighterJSRAW\" data-enlighter-language=\"java\">java.lang.Boolean\njava.lang.Byte\njava.lang.Short\njava.lang.Integer\njava.lang.Long\njava.lang.Float\njava.lang.Double\njava.lang.String<\/pre>\n<p><\/li><li class=\"tab-pane \" id=\"ert_pane1-2\"><\/p>\n<pre class=\"EnlighterJSRAW\" data-enlighter-language=\"java\">java.math.BigDecimal\njava.net.URL\njava.net.URI\njava.util.Date\njava.sql.Date\njava.sql.Time\njava.sql.Timestamp\nandroid.net.Uri<\/pre>\n<p><\/li><\/ul><\/div><\/div>\n","protected":false},"excerpt":{"rendered":"<p>Dei folgenden eingebauten Datentypen werden vom System unterst\u00fctzt. Sie k\u00f6nnen aus der Datenbank gelesen oder zum Schreiben konvertiert werden, ferner k\u00f6nnen sie mit dem Parcelable Interface genutzt werden.<\/p>\n","protected":false},"author":2,"featured_media":0,"parent":62,"menu_order":0,"comment_status":"closed","ping_status":"closed","template":"","meta":{"site-sidebar-layout":"default","site-content-layout":"default","ast-main-header-display":"","ast-hfb-above-header-display":"","ast-hfb-below-header-display":"","ast-hfb-mobile-header-display":"","site-post-title":"","ast-breadcrumbs-content":"","ast-featured-img":"","footer-sml-layout":"","theme-transparent-header-meta":"","adv-header-id-meta":"","stick-header-meta":"","header-above-stick-meta":"","header-main-stick-meta":"","header-below-stick-meta":""},"yoast_head":"<!-- This site is optimized with the Yoast SEO plugin v18.5.1 - https:\/\/yoast.com\/wordpress\/plugins\/seo\/ -->\n<title>Basisdatentypen - UC Mobile Apps<\/title>\n<meta name=\"robots\" content=\"index, follow, max-snippet:-1, max-image-preview:large, max-video-preview:-1\" \/>\n<link rel=\"canonical\" href=\"https:\/\/uc-mobileapps.com\/de\/android-sqlite-dataprovider-code-generator\/basisdatentypen\/\" \/>\n<meta name=\"twitter:label1\" content=\"Gesch\u00e4tzte Lesezeit\" \/>\n\t<meta name=\"twitter:data1\" content=\"1 Minute\" \/>\n<script type=\"application\/ld+json\" class=\"yoast-schema-graph\">{\"@context\":\"https:\/\/schema.org\",\"@graph\":[{\"@type\":\"Organization\",\"@id\":\"http:\/\/uc-mobileapps.com\/de\/#organization\",\"name\":\"UC Mobile Apps\",\"url\":\"http:\/\/uc-mobileapps.com\/de\/\",\"sameAs\":[],\"logo\":{\"@type\":\"ImageObject\",\"@id\":\"http:\/\/uc-mobileapps.com\/de\/#logo\",\"inLanguage\":\"de-DE\",\"url\":\"http:\/\/uc-mobileapps.com\/de\/wp-content\/uploads\/sites\/2\/2018\/07\/cropped-UC-Logo.png\",\"contentUrl\":\"http:\/\/uc-mobileapps.com\/de\/wp-content\/uploads\/sites\/2\/2018\/07\/cropped-UC-Logo.png\",\"width\":512,\"height\":512,\"caption\":\"UC Mobile Apps\"},\"image\":{\"@id\":\"http:\/\/uc-mobileapps.com\/de\/#logo\"}},{\"@type\":\"WebSite\",\"@id\":\"http:\/\/uc-mobileapps.com\/de\/#website\",\"url\":\"http:\/\/uc-mobileapps.com\/de\/\",\"name\":\"UC Mobile Apps\",\"description\":\"Innovative Softwareentwicklung und mobile Anwendungen\",\"publisher\":{\"@id\":\"http:\/\/uc-mobileapps.com\/de\/#organization\"},\"potentialAction\":[{\"@type\":\"SearchAction\",\"target\":{\"@type\":\"EntryPoint\",\"urlTemplate\":\"http:\/\/uc-mobileapps.com\/de\/?s={search_term_string}\"},\"query-input\":\"required name=search_term_string\"}],\"inLanguage\":\"de-DE\"},{\"@type\":\"WebPage\",\"@id\":\"https:\/\/uc-mobileapps.com\/de\/android-sqlite-dataprovider-code-generator\/basisdatentypen\/#webpage\",\"url\":\"https:\/\/uc-mobileapps.com\/de\/android-sqlite-dataprovider-code-generator\/basisdatentypen\/\",\"name\":\"Basisdatentypen - UC Mobile Apps\",\"isPartOf\":{\"@id\":\"http:\/\/uc-mobileapps.com\/de\/#website\"},\"datePublished\":\"2018-04-01T19:58:23+00:00\",\"dateModified\":\"2021-01-30T13:06:11+00:00\",\"breadcrumb\":{\"@id\":\"https:\/\/uc-mobileapps.com\/de\/android-sqlite-dataprovider-code-generator\/basisdatentypen\/#breadcrumb\"},\"inLanguage\":\"de-DE\",\"potentialAction\":[{\"@type\":\"ReadAction\",\"target\":[\"https:\/\/uc-mobileapps.com\/de\/android-sqlite-dataprovider-code-generator\/basisdatentypen\/\"]}]},{\"@type\":\"BreadcrumbList\",\"@id\":\"https:\/\/uc-mobileapps.com\/de\/android-sqlite-dataprovider-code-generator\/basisdatentypen\/#breadcrumb\",\"itemListElement\":[{\"@type\":\"ListItem\",\"position\":1,\"name\":\"Home\",\"item\":\"http:\/\/uc-mobileapps.com\/de\/\"},{\"@type\":\"ListItem\",\"position\":2,\"name\":\"Android Code Generator f\u00fcr SQLite and DataProvider Schnittstellen\",\"item\":\"http:\/\/uc-mobileapps.com\/de\/android-sqlite-dataprovider-code-generator\/\"},{\"@type\":\"ListItem\",\"position\":3,\"name\":\"Basisdatentypen\"}]}]}<\/script>\n<!-- \/ Yoast SEO plugin. -->","yoast_head_json":{"title":"Basisdatentypen - UC Mobile Apps","robots":{"index":"index","follow":"follow","max-snippet":"max-snippet:-1","max-image-preview":"max-image-preview:large","max-video-preview":"max-video-preview:-1"},"canonical":"https:\/\/uc-mobileapps.com\/de\/android-sqlite-dataprovider-code-generator\/basisdatentypen\/","twitter_misc":{"Gesch\u00e4tzte Lesezeit":"1 Minute"},"schema":{"@context":"https:\/\/schema.org","@graph":[{"@type":"Organization","@id":"http:\/\/uc-mobileapps.com\/de\/#organization","name":"UC Mobile Apps","url":"http:\/\/uc-mobileapps.com\/de\/","sameAs":[],"logo":{"@type":"ImageObject","@id":"http:\/\/uc-mobileapps.com\/de\/#logo","inLanguage":"de-DE","url":"http:\/\/uc-mobileapps.com\/de\/wp-content\/uploads\/sites\/2\/2018\/07\/cropped-UC-Logo.png","contentUrl":"http:\/\/uc-mobileapps.com\/de\/wp-content\/uploads\/sites\/2\/2018\/07\/cropped-UC-Logo.png","width":512,"height":512,"caption":"UC Mobile Apps"},"image":{"@id":"http:\/\/uc-mobileapps.com\/de\/#logo"}},{"@type":"WebSite","@id":"http:\/\/uc-mobileapps.com\/de\/#website","url":"http:\/\/uc-mobileapps.com\/de\/","name":"UC Mobile Apps","description":"Innovative Softwareentwicklung und mobile Anwendungen","publisher":{"@id":"http:\/\/uc-mobileapps.com\/de\/#organization"},"potentialAction":[{"@type":"SearchAction","target":{"@type":"EntryPoint","urlTemplate":"http:\/\/uc-mobileapps.com\/de\/?s={search_term_string}"},"query-input":"required name=search_term_string"}],"inLanguage":"de-DE"},{"@type":"WebPage","@id":"https:\/\/uc-mobileapps.com\/de\/android-sqlite-dataprovider-code-generator\/basisdatentypen\/#webpage","url":"https:\/\/uc-mobileapps.com\/de\/android-sqlite-dataprovider-code-generator\/basisdatentypen\/","name":"Basisdatentypen - UC Mobile Apps","isPartOf":{"@id":"http:\/\/uc-mobileapps.com\/de\/#website"},"datePublished":"2018-04-01T19:58:23+00:00","dateModified":"2021-01-30T13:06:11+00:00","breadcrumb":{"@id":"https:\/\/uc-mobileapps.com\/de\/android-sqlite-dataprovider-code-generator\/basisdatentypen\/#breadcrumb"},"inLanguage":"de-DE","potentialAction":[{"@type":"ReadAction","target":["https:\/\/uc-mobileapps.com\/de\/android-sqlite-dataprovider-code-generator\/basisdatentypen\/"]}]},{"@type":"BreadcrumbList","@id":"https:\/\/uc-mobileapps.com\/de\/android-sqlite-dataprovider-code-generator\/basisdatentypen\/#breadcrumb","itemListElement":[{"@type":"ListItem","position":1,"name":"Home","item":"http:\/\/uc-mobileapps.com\/de\/"},{"@type":"ListItem","position":2,"name":"Android Code Generator f\u00fcr SQLite and DataProvider Schnittstellen","item":"http:\/\/uc-mobileapps.com\/de\/android-sqlite-dataprovider-code-generator\/"},{"@type":"ListItem","position":3,"name":"Basisdatentypen"}]}]}},"_links":{"self":[{"href":"http:\/\/uc-mobileapps.com\/de\/wp-json\/wp\/v2\/pages\/247"}],"collection":[{"href":"http:\/\/uc-mobileapps.com\/de\/wp-json\/wp\/v2\/pages"}],"about":[{"href":"http:\/\/uc-mobileapps.com\/de\/wp-json\/wp\/v2\/types\/page"}],"author":[{"embeddable":true,"href":"http:\/\/uc-mobileapps.com\/de\/wp-json\/wp\/v2\/users\/2"}],"replies":[{"embeddable":true,"href":"http:\/\/uc-mobileapps.com\/de\/wp-json\/wp\/v2\/comments?post=247"}],"version-history":[{"count":3,"href":"http:\/\/uc-mobileapps.com\/de\/wp-json\/wp\/v2\/pages\/247\/revisions"}],"predecessor-version":[{"id":250,"href":"http:\/\/uc-mobileapps.com\/de\/wp-json\/wp\/v2\/pages\/247\/revisions\/250"}],"up":[{"embeddable":true,"href":"http:\/\/uc-mobileapps.com\/de\/wp-json\/wp\/v2\/pages\/62"}],"wp:attachment":[{"href":"http:\/\/uc-mobileapps.com\/de\/wp-json\/wp\/v2\/media?parent=247"}],"curies":[{"name":"wp","href":"https:\/\/api.w.org\/{rel}","templated":true}]}}