{"id":197,"date":"2017-04-20T12:07:47","date_gmt":"2017-04-20T10:07:47","guid":{"rendered":"http:\/\/uc-mobileapps.com\/de\/?page_id=197"},"modified":"2021-01-30T14:08:42","modified_gmt":"2021-01-30T13:08:42","slug":"funktionsumfang-lizensierung","status":"publish","type":"page","link":"http:\/\/uc-mobileapps.com\/de\/android-sqlite-dataprovider-code-generator\/funktionsumfang-lizensierung\/","title":{"rendered":"Funktionsumfang und Lizensierung"},"content":{"rendered":"<p>Eine Lizensierung erfolgt pro Entwickler und Maschine, nur Entwicklungsumgebungen die zur Aktualisierung des Modells verwendet werden ben\u00f6tigen eine Lizenz da die erzeugten Programmteile ohne den Annotation-Processor lauff\u00e4hig ist und ohne zus\u00e4tzliche Bibliotheken auskommt.<br \/>\n\n<table id=\"tablepress-1\" class=\"tablepress tablepress-id-1\">\n<thead>\n<tr class=\"row-1 odd\">\n\t<th class=\"column-1\">Funktionen<\/th><th class=\"column-2\">14 Tage Testversion<br> Open-Source Lizenz<\/th><th class=\"column-3\">Kommerzielle Lizenz<\/th>\n<\/tr>\n<\/thead>\n<tbody class=\"row-hover\">\n<tr class=\"row-2 even\">\n\t<td class=\"column-1\"><strong>SQLOpenHelper<\/strong><br \/>\nerstellt (ggfs. mehrere) die SQLite Datenbank-Dateien mit zugeh\u00f6rigen Tabellen<\/td><td class=\"column-2\"><img src=\"http:\/\/uc-mobileapps.com\/de\/wp-content\/uploads\/sites\/2\/2017\/04\/check.png\" alt=\"\" width=\"40\" height=\"40\" class=\"thumbnail alignnone size-full wp-image-215\" \/><\/td><td class=\"column-3\"><img src=\"http:\/\/uc-mobileapps.com\/de\/wp-content\/uploads\/sites\/2\/2017\/04\/check.png\" alt=\"\" width=\"40\" height=\"40\" class=\"thumbnail alignnone size-full wp-image-215\" \/><\/td>\n<\/tr>\n<tr class=\"row-3 odd\">\n\t<td class=\"column-1\"><strong>SQLSchemaPeer<\/strong><br \/>\nenth\u00e4lt Spaltenkonstanten, Tabellendefinitionen und Lese-\/Schreib-Operationen<\/td><td class=\"column-2\"><img src=\"http:\/\/uc-mobileapps.com\/de\/wp-content\/uploads\/sites\/2\/2017\/04\/check.png\" alt=\"\" width=\"40\" height=\"40\" class=\"thumbnail alignnone size-full wp-image-215\" \/><\/td><td class=\"column-3\"><img src=\"http:\/\/uc-mobileapps.com\/de\/wp-content\/uploads\/sites\/2\/2017\/04\/check.png\" alt=\"\" width=\"40\" height=\"40\" class=\"thumbnail alignnone size-full wp-image-215\" \/><\/td>\n<\/tr>\n<tr class=\"row-4 even\">\n\t<td class=\"column-1\"><strong>Fremdschl\u00fcssel \/ Join-Korrelationen<\/strong><br \/>\nvereinfachte relationalen Verkn\u00fcpfung mit allen Schl\u00fcsselteilen<\/td><td class=\"column-2\"><img src=\"http:\/\/uc-mobileapps.com\/de\/wp-content\/uploads\/sites\/2\/2017\/04\/check.png\" alt=\"\" width=\"40\" height=\"40\" class=\"thumbnail alignnone size-full wp-image-215\" \/><\/td><td class=\"column-3\"><img src=\"http:\/\/uc-mobileapps.com\/de\/wp-content\/uploads\/sites\/2\/2017\/04\/check.png\" alt=\"\" width=\"40\" height=\"40\" class=\"thumbnail alignnone size-full wp-image-215\" \/><\/td>\n<\/tr>\n<tr class=\"row-5 odd\">\n\t<td class=\"column-1\"><strong>Versionierung<\/strong><br \/>\nStandard-Android API zum Anf\u00fcgen neuer Tabellenspalten bei Modellaktualisierungen<\/td><td class=\"column-2\"><img src=\"http:\/\/uc-mobileapps.com\/de\/wp-content\/uploads\/sites\/2\/2017\/04\/check.png\" alt=\"\" width=\"40\" height=\"40\" class=\"thumbnail alignnone size-full wp-image-215\" \/><\/td><td class=\"column-3\"><img src=\"http:\/\/uc-mobileapps.com\/de\/wp-content\/uploads\/sites\/2\/2017\/04\/check.png\" alt=\"\" width=\"40\" height=\"40\" class=\"thumbnail alignnone size-full wp-image-215\" \/><\/td>\n<\/tr>\n<tr class=\"row-6 even\">\n\t<td class=\"column-1\"><strong>Objekteinbettung<\/strong><br \/>\n<a href=\"http:\/\/uc-mobileapps.com\/de\/android-sqlite-dataprovider-code-generator\/sql-flat-mapping-via-embedded\/\">Flaches Objekt-Mapping via<\/a> @Embedded<\/td><td class=\"column-2\"><\/td><td class=\"column-3\"><img src=\"http:\/\/uc-mobileapps.com\/de\/wp-content\/uploads\/sites\/2\/2017\/04\/check.png\" alt=\"\" width=\"40\" height=\"40\" class=\"thumbnail alignnone size-full wp-image-215\" \/><\/td>\n<\/tr>\n<tr class=\"row-7 odd\">\n\t<td class=\"column-1\"><strong>Parcelable API<\/strong><br \/>\nErweiterung der Objekte um die Android Serialisierungs-API, auch zur Unterst\u00fctzung der Service-API (.aidl)<\/td><td class=\"column-2\"><img src=\"http:\/\/uc-mobileapps.com\/de\/wp-content\/uploads\/sites\/2\/2017\/04\/check.png\" alt=\"\" width=\"40\" height=\"40\" class=\"thumbnail alignnone size-full wp-image-215\" \/><\/td><td class=\"column-3\"><img src=\"http:\/\/uc-mobileapps.com\/de\/wp-content\/uploads\/sites\/2\/2017\/04\/check.png\" alt=\"\" width=\"40\" height=\"40\" class=\"thumbnail alignnone size-full wp-image-215\" \/><\/td>\n<\/tr>\n<tr class=\"row-8 even\">\n\t<td class=\"column-1\"><strong>ContentProvider<\/strong><br \/>\nDefinition von <a href=\"http:\/\/uc-mobileapps.com\/de\/android-sqlite-dataprovider-code-generator\/beispiel-1\/one-to-many-relation-dataprovider\/\">Android-Providern<\/a> mit passenden URIs mit Create, Read, Update, Delete (CRUD) Funktionalit\u00e4t<\/td><td class=\"column-2\"><\/td><td class=\"column-3\"><img src=\"http:\/\/uc-mobileapps.com\/de\/wp-content\/uploads\/sites\/2\/2017\/04\/check.png\" alt=\"\" width=\"40\" height=\"40\" class=\"thumbnail alignnone size-full wp-image-215\" \/><\/td>\n<\/tr>\n<\/tbody>\n<\/table>\n<!-- #tablepress-1 from cache --><\/p>\n<p>&nbsp;<\/p>\n","protected":false},"excerpt":{"rendered":"<p>Eine Lizensierung erfolgt pro Entwickler und Maschine, nur Entwicklungsumgebungen die zur Aktualisierung des Modells verwendet werden ben\u00f6tigen eine Lizenz da die erzeugten Programmteile ohne den Annotation-Processor lauff\u00e4hig ist und ohne zus\u00e4tzliche Bibliotheken auskommt. &nbsp;<\/p>\n","protected":false},"author":2,"featured_media":0,"parent":62,"menu_order":0,"comment_status":"closed","ping_status":"closed","template":"","meta":{"site-sidebar-layout":"default","site-content-layout":"default","ast-main-header-display":"","ast-hfb-above-header-display":"","ast-hfb-below-header-display":"","ast-hfb-mobile-header-display":"","site-post-title":"","ast-breadcrumbs-content":"","ast-featured-img":"","footer-sml-layout":"","theme-transparent-header-meta":"","adv-header-id-meta":"","stick-header-meta":"","header-above-stick-meta":"","header-main-stick-meta":"","header-below-stick-meta":""},"yoast_head":"<!-- This site is optimized with the Yoast SEO plugin v18.5.1 - https:\/\/yoast.com\/wordpress\/plugins\/seo\/ -->\n<title>Funktionsumfang und Lizensierung - UC Mobile Apps<\/title>\n<meta name=\"robots\" content=\"index, follow, max-snippet:-1, max-image-preview:large, max-video-preview:-1\" \/>\n<link rel=\"canonical\" href=\"https:\/\/uc-mobileapps.com\/de\/android-sqlite-dataprovider-code-generator\/funktionsumfang-lizensierung\/\" \/>\n<meta name=\"twitter:label1\" content=\"Gesch\u00e4tzte Lesezeit\" \/>\n\t<meta name=\"twitter:data1\" content=\"1 Minute\" \/>\n<script type=\"application\/ld+json\" class=\"yoast-schema-graph\">{\"@context\":\"https:\/\/schema.org\",\"@graph\":[{\"@type\":\"Organization\",\"@id\":\"http:\/\/uc-mobileapps.com\/de\/#organization\",\"name\":\"UC Mobile Apps\",\"url\":\"http:\/\/uc-mobileapps.com\/de\/\",\"sameAs\":[],\"logo\":{\"@type\":\"ImageObject\",\"@id\":\"http:\/\/uc-mobileapps.com\/de\/#logo\",\"inLanguage\":\"de-DE\",\"url\":\"http:\/\/uc-mobileapps.com\/de\/wp-content\/uploads\/sites\/2\/2018\/07\/cropped-UC-Logo.png\",\"contentUrl\":\"http:\/\/uc-mobileapps.com\/de\/wp-content\/uploads\/sites\/2\/2018\/07\/cropped-UC-Logo.png\",\"width\":512,\"height\":512,\"caption\":\"UC Mobile Apps\"},\"image\":{\"@id\":\"http:\/\/uc-mobileapps.com\/de\/#logo\"}},{\"@type\":\"WebSite\",\"@id\":\"http:\/\/uc-mobileapps.com\/de\/#website\",\"url\":\"http:\/\/uc-mobileapps.com\/de\/\",\"name\":\"UC Mobile Apps\",\"description\":\"Innovative Softwareentwicklung und mobile Anwendungen\",\"publisher\":{\"@id\":\"http:\/\/uc-mobileapps.com\/de\/#organization\"},\"potentialAction\":[{\"@type\":\"SearchAction\",\"target\":{\"@type\":\"EntryPoint\",\"urlTemplate\":\"http:\/\/uc-mobileapps.com\/de\/?s={search_term_string}\"},\"query-input\":\"required name=search_term_string\"}],\"inLanguage\":\"de-DE\"},{\"@type\":\"WebPage\",\"@id\":\"https:\/\/uc-mobileapps.com\/de\/android-sqlite-dataprovider-code-generator\/funktionsumfang-lizensierung\/#webpage\",\"url\":\"https:\/\/uc-mobileapps.com\/de\/android-sqlite-dataprovider-code-generator\/funktionsumfang-lizensierung\/\",\"name\":\"Funktionsumfang und Lizensierung - UC Mobile Apps\",\"isPartOf\":{\"@id\":\"http:\/\/uc-mobileapps.com\/de\/#website\"},\"datePublished\":\"2017-04-20T10:07:47+00:00\",\"dateModified\":\"2021-01-30T13:08:42+00:00\",\"breadcrumb\":{\"@id\":\"https:\/\/uc-mobileapps.com\/de\/android-sqlite-dataprovider-code-generator\/funktionsumfang-lizensierung\/#breadcrumb\"},\"inLanguage\":\"de-DE\",\"potentialAction\":[{\"@type\":\"ReadAction\",\"target\":[\"https:\/\/uc-mobileapps.com\/de\/android-sqlite-dataprovider-code-generator\/funktionsumfang-lizensierung\/\"]}]},{\"@type\":\"BreadcrumbList\",\"@id\":\"https:\/\/uc-mobileapps.com\/de\/android-sqlite-dataprovider-code-generator\/funktionsumfang-lizensierung\/#breadcrumb\",\"itemListElement\":[{\"@type\":\"ListItem\",\"position\":1,\"name\":\"Home\",\"item\":\"http:\/\/uc-mobileapps.com\/de\/\"},{\"@type\":\"ListItem\",\"position\":2,\"name\":\"Android Code Generator f\u00fcr SQLite and DataProvider Schnittstellen\",\"item\":\"http:\/\/uc-mobileapps.com\/de\/android-sqlite-dataprovider-code-generator\/\"},{\"@type\":\"ListItem\",\"position\":3,\"name\":\"Funktionsumfang und Lizensierung\"}]}]}<\/script>\n<!-- \/ Yoast SEO plugin. -->","yoast_head_json":{"title":"Funktionsumfang und Lizensierung - UC Mobile Apps","robots":{"index":"index","follow":"follow","max-snippet":"max-snippet:-1","max-image-preview":"max-image-preview:large","max-video-preview":"max-video-preview:-1"},"canonical":"https:\/\/uc-mobileapps.com\/de\/android-sqlite-dataprovider-code-generator\/funktionsumfang-lizensierung\/","twitter_misc":{"Gesch\u00e4tzte Lesezeit":"1 Minute"},"schema":{"@context":"https:\/\/schema.org","@graph":[{"@type":"Organization","@id":"http:\/\/uc-mobileapps.com\/de\/#organization","name":"UC Mobile Apps","url":"http:\/\/uc-mobileapps.com\/de\/","sameAs":[],"logo":{"@type":"ImageObject","@id":"http:\/\/uc-mobileapps.com\/de\/#logo","inLanguage":"de-DE","url":"http:\/\/uc-mobileapps.com\/de\/wp-content\/uploads\/sites\/2\/2018\/07\/cropped-UC-Logo.png","contentUrl":"http:\/\/uc-mobileapps.com\/de\/wp-content\/uploads\/sites\/2\/2018\/07\/cropped-UC-Logo.png","width":512,"height":512,"caption":"UC Mobile Apps"},"image":{"@id":"http:\/\/uc-mobileapps.com\/de\/#logo"}},{"@type":"WebSite","@id":"http:\/\/uc-mobileapps.com\/de\/#website","url":"http:\/\/uc-mobileapps.com\/de\/","name":"UC Mobile Apps","description":"Innovative Softwareentwicklung und mobile Anwendungen","publisher":{"@id":"http:\/\/uc-mobileapps.com\/de\/#organization"},"potentialAction":[{"@type":"SearchAction","target":{"@type":"EntryPoint","urlTemplate":"http:\/\/uc-mobileapps.com\/de\/?s={search_term_string}"},"query-input":"required name=search_term_string"}],"inLanguage":"de-DE"},{"@type":"WebPage","@id":"https:\/\/uc-mobileapps.com\/de\/android-sqlite-dataprovider-code-generator\/funktionsumfang-lizensierung\/#webpage","url":"https:\/\/uc-mobileapps.com\/de\/android-sqlite-dataprovider-code-generator\/funktionsumfang-lizensierung\/","name":"Funktionsumfang und Lizensierung - UC Mobile Apps","isPartOf":{"@id":"http:\/\/uc-mobileapps.com\/de\/#website"},"datePublished":"2017-04-20T10:07:47+00:00","dateModified":"2021-01-30T13:08:42+00:00","breadcrumb":{"@id":"https:\/\/uc-mobileapps.com\/de\/android-sqlite-dataprovider-code-generator\/funktionsumfang-lizensierung\/#breadcrumb"},"inLanguage":"de-DE","potentialAction":[{"@type":"ReadAction","target":["https:\/\/uc-mobileapps.com\/de\/android-sqlite-dataprovider-code-generator\/funktionsumfang-lizensierung\/"]}]},{"@type":"BreadcrumbList","@id":"https:\/\/uc-mobileapps.com\/de\/android-sqlite-dataprovider-code-generator\/funktionsumfang-lizensierung\/#breadcrumb","itemListElement":[{"@type":"ListItem","position":1,"name":"Home","item":"http:\/\/uc-mobileapps.com\/de\/"},{"@type":"ListItem","position":2,"name":"Android Code Generator f\u00fcr SQLite and DataProvider Schnittstellen","item":"http:\/\/uc-mobileapps.com\/de\/android-sqlite-dataprovider-code-generator\/"},{"@type":"ListItem","position":3,"name":"Funktionsumfang und Lizensierung"}]}]}},"_links":{"self":[{"href":"http:\/\/uc-mobileapps.com\/de\/wp-json\/wp\/v2\/pages\/197"}],"collection":[{"href":"http:\/\/uc-mobileapps.com\/de\/wp-json\/wp\/v2\/pages"}],"about":[{"href":"http:\/\/uc-mobileapps.com\/de\/wp-json\/wp\/v2\/types\/page"}],"author":[{"embeddable":true,"href":"http:\/\/uc-mobileapps.com\/de\/wp-json\/wp\/v2\/users\/2"}],"replies":[{"embeddable":true,"href":"http:\/\/uc-mobileapps.com\/de\/wp-json\/wp\/v2\/comments?post=197"}],"version-history":[{"count":6,"href":"http:\/\/uc-mobileapps.com\/de\/wp-json\/wp\/v2\/pages\/197\/revisions"}],"predecessor-version":[{"id":273,"href":"http:\/\/uc-mobileapps.com\/de\/wp-json\/wp\/v2\/pages\/197\/revisions\/273"}],"up":[{"embeddable":true,"href":"http:\/\/uc-mobileapps.com\/de\/wp-json\/wp\/v2\/pages\/62"}],"wp:attachment":[{"href":"http:\/\/uc-mobileapps.com\/de\/wp-json\/wp\/v2\/media?parent=197"}],"curies":[{"name":"wp","href":"https:\/\/api.w.org\/{rel}","templated":true}]}}